{"id":25635,"date":"2020-12-23T18:03:10","date_gmt":"2020-12-23T18:03:10","guid":{"rendered":"http:\/\/www.oikkariliitto.fi\/?page_id=25635"},"modified":"2020-12-23T19:20:49","modified_gmt":"2020-12-23T19:20:49","slug":"pa-svenska","status":"publish","type":"page","link":"https:\/\/www.oikkariliitto.fi\/sv\/pa-svenska\/","title":{"rendered":"P\u00e5 svenska"},"content":{"rendered":"<p>Juris Studenters F\u00f6rbund (JSF) som inr\u00e4ttades i b\u00f6rjan av \u00e5r 2020 \u00e4r en nationell takorganisation f\u00f6r juridikstuderanden i Finland. JSF fungerar p\u00e5 b\u00e5da inhemska spr\u00e5ken och samlar representanter fr\u00e5n de universitet som erbjuder <em>juridisk utbildning.<\/em> JSF medlemsf\u00f6reningar har sammanlagt \u00f6ver 4000 medlemmar.\u00a0<\/p>\n\n\n\n<p>Till f\u00f6rbundets uppgifter h\u00f6r att st\u00f6dja medlemsf\u00f6reningarna i deras intressebevakningsarbete genom att koordinera samarbetet mellan dem samt att bedriva intressebevakning p\u00e5 nationell niv\u00e5. JSF anordnar \u00e4ven seminarier d\u00e4r studerandeperspektiv f\u00f6rs fram i diverse aktuella fr\u00e5gor som ber\u00f6r<em> juristbranschen<\/em>. Ut\u00f6ver detta \u00e4gnar sig f\u00f6rbundet \u00e5t att utbilda lokala akt\u00f6rer i \u00e4mnesf\u00f6reningarna och st\u00f6dja studeranderepresentanter som arbetar i n\u00e4ra samarbete med universitetens administration.<\/p>\n\n\n\n<p>JSF \u00e4r administrativt oberoende och beslutsfattandet i f\u00f6rbundet sker av studeranderepresentanter genom medlemsf\u00f6reningarna. F\u00f6rbundet idkar dock n\u00e4ra intressentsamarbete med bland annat Finlands Juristf\u00f6rbund samt \u00f6vriga intresse- och expertorganisationer som bedriver studerandeintressebevakning p\u00e5 nationell niv\u00e5.\u00a0<\/p>\n\n\n\n<p>JSF:s h\u00f6gsta beslutfattande organ \u00e4r f\u00f6rbundsm\u00f6tet. F\u00f6rbundsm\u00f6tet sammantr\u00e4der en g\u00e5ng per \u00e5r och varje medlemsf\u00f6rening har lika representationsr\u00e4tt p\u00e5 m\u00f6tet. Mellan f\u00f6rbundsm\u00f6ten besitts beslutander\u00e4tten av f\u00f6rbundets styrelse. Styrelsens verksamhet st\u00f6ds av en r\u00e5dgivande f\u00f6rbundsdelegation som best\u00e5r av medlemsf\u00f6reningarnas representanter.<\/p>\n\n\n\n<p>Juris Studenters F\u00f6rbund, grundat \u00e5r 2020, \u00e4r en takorganisation<em> <\/em>f\u00f6r alla juridikstuderande i Finland. F\u00f6rbundets medlemmar best\u00e5r av alla finl\u00e4ndska<em> <\/em>\u00e4mnesf\u00f6reningar fr\u00e5n de fem universiteten som erbjuder<em> juridisk utbildning<\/em>. Makten i f\u00f6rbundet ut\u00f6vas av studentrepresentanter<em> <\/em>genom deras \u00e4mnesf\u00f6reningar.\u00a0<\/p>\n\n\n\n<p>Till f\u00f6rbundets uppgifter h\u00f6r att st\u00f6dja intressebevakningen i \u00e4mnesf\u00f6reningarna genom koordinering samt att bedriva intressebevakning p\u00e5 nationell niv\u00e5. Ut\u00f6ver detta anordnar f\u00f6rbundet s\u00e5v\u00e4l seminarier som undervisning<em> <\/em>med m\u00e5ls\u00e4ttningen att f\u00f6ra fram studerandeperspektiv i debatten som ber\u00f6r branschen.<\/p>","protected":false},"excerpt":{"rendered":"<p>Juris Studenters F\u00f6rbund (JSF) som inr\u00e4ttades i b\u00f6rjan av \u00e5r 2020 \u00e4r en nationell takorganisation f\u00f6r juridikstuderanden i Finland. JSF fungerar p\u00e5 b\u00e5da inhemska spr\u00e5ken och samlar representanter fr\u00e5n de universitet som erbjuder juridisk utbildning. JSF medlemsf\u00f6reningar har sammanlagt \u00f6ver 4000 medlemmar.\u00a0 Till f\u00f6rbundets uppgifter h\u00f6r att st\u00f6dja medlemsf\u00f6reningarna i deras intressebevakningsarbete genom att koordinera [&hellip;]<\/p>\n","protected":false},"author":1,"featured_media":0,"parent":0,"menu_order":0,"comment_status":"closed","ping_status":"closed","template":"","meta":{"_uag_custom_page_level_css":"","site-sidebar-layout":"default","site-content-layout":"default","ast-site-content-layout":"default","site-content-style":"default","site-sidebar-style":"default","ast-global-header-display":"","ast-banner-title-visibility":"","ast-main-header-display":"","ast-hfb-above-header-display":"","ast-hfb-below-header-display":"","ast-hfb-mobile-header-display":"","site-post-title":"","ast-breadcrumbs-content":"","ast-featured-img":"","footer-sml-layout":"","ast-disable-related-posts":"","theme-transparent-header-meta":"default","adv-header-id-meta":"","stick-header-meta":"","header-above-stick-meta":"","header-main-stick-meta":"","header-below-stick-meta":"","astra-migrate-meta-layouts":"default","ast-page-background-enabled":"default","ast-page-background-meta":{"desktop":{"background-color":"","background-image":"","background-repeat":"repeat","background-position":"center center","background-size":"auto","background-attachment":"scroll","background-type":"","background-media":"","overlay-type":"","overlay-color":"","overlay-opacity":"","overlay-gradient":""},"tablet":{"background-color":"","background-image":"","background-repeat":"repeat","background-position":"center center","background-size":"auto","background-attachment":"scroll","background-type":"","background-media":"","overlay-type":"","overlay-color":"","overlay-opacity":"","overlay-gradient":""},"mobile":{"background-color":"","background-image":"","background-repeat":"repeat","background-position":"center center","background-size":"auto","background-attachment":"scroll","background-type":"","background-media":"","overlay-type":"","overlay-color":"","overlay-opacity":"","overlay-gradient":""}},"ast-content-background-meta":{"desktop":{"background-color":"var(--ast-global-color-5)","background-image":"","background-repeat":"repeat","background-position":"center center","background-size":"auto","background-attachment":"scroll","background-type":"","background-media":"","overlay-type":"","overlay-color":"","overlay-opacity":"","overlay-gradient":""},"tablet":{"background-color":"var(--ast-global-color-5)","background-image":"","background-repeat":"repeat","background-position":"center center","background-size":"auto","background-attachment":"scroll","background-type":"","background-media":"","overlay-type":"","overlay-color":"","overlay-opacity":"","overlay-gradient":""},"mobile":{"background-color":"var(--ast-global-color-5)","background-image":"","background-repeat":"repeat","background-position":"center center","background-size":"auto","background-attachment":"scroll","background-type":"","background-media":"","overlay-type":"","overlay-color":"","overlay-opacity":"","overlay-gradient":""}},"footnotes":""},"class_list":["post-25635","page","type-page","status-publish","hentry"],"uagb_featured_image_src":{"full":false,"thumbnail":false,"medium":false,"medium_large":false,"large":false,"1536x1536":false,"2048x2048":false,"trp-custom-language-flag":false},"uagb_author_info":{"display_name":"admin","author_link":"https:\/\/www.oikkariliitto.fi\/sv\/author\/admin\/"},"uagb_comment_info":0,"uagb_excerpt":"Juris Studenters F\u00f6rbund (JSF) som inr\u00e4ttades i b\u00f6rjan av \u00e5r 2020 \u00e4r en nationell takorganisation f\u00f6r juridikstuderanden i Finland. JSF fungerar p\u00e5 b\u00e5da inhemska spr\u00e5ken och samlar representanter fr\u00e5n de universitet som erbjuder juridisk utbildning. JSF medlemsf\u00f6reningar har sammanlagt \u00f6ver 4000 medlemmar.\u00a0 Till f\u00f6rbundets uppgifter h\u00f6r att st\u00f6dja medlemsf\u00f6reningarna i deras intressebevakningsarbete genom att koordinera&hellip;","_links":{"self":[{"href":"https:\/\/www.oikkariliitto.fi\/sv\/wp-json\/wp\/v2\/pages\/25635","targetHints":{"allow":["GET"]}}],"collection":[{"href":"https:\/\/www.oikkariliitto.fi\/sv\/wp-json\/wp\/v2\/pages"}],"about":[{"href":"https:\/\/www.oikkariliitto.fi\/sv\/wp-json\/wp\/v2\/types\/page"}],"author":[{"embeddable":true,"href":"https:\/\/www.oikkariliitto.fi\/sv\/wp-json\/wp\/v2\/users\/1"}],"replies":[{"embeddable":true,"href":"https:\/\/www.oikkariliitto.fi\/sv\/wp-json\/wp\/v2\/comments?post=25635"}],"version-history":[{"count":2,"href":"https:\/\/www.oikkariliitto.fi\/sv\/wp-json\/wp\/v2\/pages\/25635\/revisions"}],"predecessor-version":[{"id":25689,"href":"https:\/\/www.oikkariliitto.fi\/sv\/wp-json\/wp\/v2\/pages\/25635\/revisions\/25689"}],"wp:attachment":[{"href":"https:\/\/www.oikkariliitto.fi\/sv\/wp-json\/wp\/v2\/media?parent=25635"}],"curies":[{"name":"wp","href":"https:\/\/api.w.org\/{rel}","templated":true}]}}