{"id":25961,"date":"2023-04-18T10:16:59","date_gmt":"2023-04-18T10:16:59","guid":{"rendered":"http:\/\/www.oikkariliitto.fi\/?page_id=25961"},"modified":"2023-04-18T10:21:08","modified_gmt":"2023-04-18T10:21:08","slug":"liiton-saannot","status":"publish","type":"page","link":"http:\/\/www.oikkariliitto.fi\/sv\/meista\/liiton-saannot\/","title":{"rendered":"F\u00f6rbundets stadgar"},"content":{"rendered":"<p><strong>OIKEUSTIETEEN OPISKELIJOIDEN LIITTO \u2013 JURIS STUDENTERS F\u00d6RBUND RY:S STADGAR\u00a0<\/strong><\/p>\n\n\n\n<p>ALLM\u00c4NNA BEST\u00c4MMELSER<\/p>\n\n\n\n<p><strong>1 \u00a7 Namn, spr\u00e5k och hemort<\/strong><\/p>\n\n\n\n<p>F\u00f6reningens namn \u00e4r Oikeustieteen opiskelijoiden liitto \u2013 Juris studenters f\u00f6rbund ry. F\u00f6r f\u00f6rbundet kan ocks\u00e5 anv\u00e4ndas det inofficiella namnet \"Oikkariliitto\", samt f\u00f6rkortningarna \"OOL\" och \"JSF\", och det inofficiella engelska namnet Finnish Law Students' Association. F\u00f6rbundets spr\u00e5k \u00e4r finska och svenska. Kontakt- och protokollspr\u00e5ket \u00e4r finska. I dessa stadgar anv\u00e4nds namnet \u201dF\u00f6rbundet\u201d f\u00f6r f\u00f6reningen. F\u00f6rbundets hemort \u00e4r Helsingfors stad.<\/p>\n\n\n\n<p><strong>2 \u00a7 Verksamhetens syfte<\/strong><\/p>\n\n\n\n<p>F\u00f6rbundets syfte \u00e4r att som en centralorganisation f\u00f6r finska juridiska \u00e4mnesf\u00f6reningar representera juridikstuderande vid finl\u00e4ndska universitet b\u00e5de nationellt och internationellt, samt fr\u00e4mja och bevaka deras gemensamma intressen s\u00e4rskilt inom studie- och yrkesfr\u00e5gor och sociala fr\u00e5gor.<\/p>\n\n\n\n<p><strong>3 \u00a7 Verksamhetsformer<\/strong><\/p>\n\n\n\n<p>F\u00f6r att f\u00f6rverkliga sitt syfte kan F\u00f6rbundet<br><\/p>\n\n\n\n<ul class=\"wp-block-list\">\n<li>framf\u00f6ra f\u00f6rslag och ge utl\u00e5tanden till myndigheter<\/li>\n\n\n\n<li>organisera m\u00f6tes-, f\u00f6rel\u00e4snings- och diskussionsevenemang<\/li>\n\n\n\n<li>bedriva informations-, utbildnings-, publicerings- och medlemsserviceverksamhet relaterat till sin verksamhet<\/li>\n\n\n\n<li>uppr\u00e4tth\u00e5lla relationer med andra studentorganisationer och centrala akt\u00f6rer inom den juridiska branschen och samarbeta med dem<\/li>\n\n\n\n<li>tilldela stipendier och bidrag till personer och gemenskaper som fr\u00e4mjar f\u00f6reningens \u00e4ndam\u00e5l\n<br>\n<br>F\u00f6reningen har r\u00e4tt att ta emot donationer och bidrag, \u00e4ga fast och immateriell egendom och ordna penninginsamlingar med l\u00e4mpligt tillst\u00e5nd.<\/li>\n<\/ul>\n\n\n\n<p><strong>4 \u00a7 Medlemskap<\/strong><\/p>\n\n\n\n<p><em>4.1. Medlemsf\u00f6rening<\/em><\/p>\n\n\n\n<p>\u00c4mnes- eller fakultetsf\u00f6reningar som \u00e4r registrerade som organisationer f\u00f6r studenter som blivit antagna till juridikstudier som leder till en juridisk examen i Finland kan bli antagna som medlemmar i f\u00f6reningen. Beslut om medlemskap fattas av f\u00f6reningsst\u00e4mman med tv\u00e5 tredjedelars majoritet.<\/p>\n\n\n\n<p><em>4.2. Studerandemedlem<\/em><\/p>\n\n\n\n<p>Studerandemedlemmar \u00e4r medlemmar i medlemsf\u00f6reningarna som studerar vid ett finl\u00e4ndskt universitet i ett program som leder till r\u00e4ttsnotarieexamen eller juris magisterexamen och som \u00e4r registrerade som n\u00e4rvarande under det aktuella \u00e5ret vid sitt universitet.<\/p>\n\n\n\n<p><em>4.3 Hedersmedlem<\/em><\/p>\n\n\n\n<p>P\u00e5 f\u00f6rslag fr\u00e5n styrelsen kan f\u00f6reningsst\u00e4mman utse till hedersmedlem i f\u00f6reningen en fysisk person som p\u00e5 ett betydande s\u00e4tt har fr\u00e4mjat och st\u00f6tt f\u00f6reningens verksamhet. Godk\u00e4nnandet av hedersmedlemskap kr\u00e4ver tv\u00e5 tredjedelars (2\/3) majoritet av de r\u00f6ster som avgivits vid omr\u00f6stningen. En studerandemedlem kan inte godk\u00e4nnas som hedersmedlem.<\/p>\n\n\n\n<p><strong>5 \u00a7 Medlemskapets upph\u00f6rande<\/strong><\/p>\n\n\n\n<p>Om en medlemsf\u00f6rening i f\u00f6rbundet beslutar att l\u00e4mna f\u00f6rbundet, ska det g\u00f6ras en skriftlig anm\u00e4lan till styrelsen eller ska avg\u00e5ngen meddelas f\u00f6r anteckning i f\u00f6rbundsst\u00e4mmans protokoll.<\/p>\n\n\n\n<p>Den avg\u00e5ende medlemmen ska fullg\u00f6ra alla ekonomiska skydligheter som tillkommer den under det kalender\u00e5r d\u00e5 avg\u00e5ngen sker.<\/p>\n\n\n\n<p>Styrelsen kan betrakta att en medlem har avg\u00e5tt om medlemmen har f\u00f6rsummat betalningen av medlemsavgiften under tv\u00e5 p\u00e5 varandra f\u00f6rljande \u00e5r.<\/p>\n\n\n\n<p>F\u00f6rbundsstyrelsen kan ocks\u00e5 f\u00f6resl\u00e5 f\u00f6r f\u00f6rbundsst\u00e4mman att utesluta en medlem om medlemmen genom sitt agerande i f\u00f6rbundet eller utanf\u00f6r det har orsakat betydande skada f\u00f6r f\u00f6rbundet eller om den har v\u00e4sentligt f\u00f6rsv\u00e5rat andra medlemmars verksamhet. Beslut om uteslutning fattas av f\u00f6rbundsst\u00e4mman efter att den ber\u00f6rda medlemmen har h\u00f6rts. En medlem kan ocks\u00e5 uteslutas om medlemmen avst\u00e5r fr\u00e5n sin r\u00e4tt att bli h\u00f6rd utan giltig orsak. F\u00f6r uteslutning kr\u00e4vs att minst tv\u00e5 tredjedelar av de anvgivna r\u00f6sterna vid f\u00f6rbundsst\u00e4mman st\u00f6der den.<\/p>\n\n\n\n<p><strong>F\u00d6RBUNDSST\u00c4MMA<\/strong><\/p>\n\n\n\n<p><strong>6 \u00a7 Representanter vid f\u00f6rbundsst\u00e4mman<\/strong><\/p>\n\n\n\n<p>Varje medlemsf\u00f6rening i f\u00f6rbundet v\u00e4ljer tre (3) representanter till f\u00f6rbundsst\u00e4mman. En medlemsf\u00f6rening f\u00e5r sj\u00e4lv best\u00e4mma hur m\u00f6tesrepresentanterna v\u00e4ljs. F\u00f6rbundets ordf\u00f6rande, styrelsemedlem eller funktion\u00e4r kan inte agera som representant vald av en medlemsf\u00f6rening vid f\u00f6rbundsst\u00e4mman.<\/p>\n\n\n\n<p>F\u00f6rbundsst\u00e4mmans representat m\u00e5ste vara en studerandemedlem enligt punkt 4.2 i stadgarna. Medlemmen ska intyga de valda representanterna till f\u00f6rbundsst\u00e4mman med en fullmakt. Fullmakten ska ocks\u00e5 i ordning inneh\u00e5lla namnen p\u00e5 ers\u00e4ttningsrepresentanter som kan agera som ordinarie representanter om den tidigare utsedda representanten f\u00e5r f\u00f6rhinder.<\/p>\n\n\n\n<p>Alla studerandemedlemmar har tal- och n\u00e4rvaror\u00e4tt vid f\u00f6rbundsst\u00e4mman. Dessutom kan f\u00f6rbundsst\u00e4mman bevilja tal- och n\u00e4rvaror\u00e4tt \u00e5t andra personer som beg\u00e4r det.<\/p>\n\n\n\n<p><strong>7 \u00a7 F\u00f6rbundsst\u00e4mmans tidpunkt<\/strong><\/p>\n\n\n\n<p>F\u00f6rbundets ordinarie f\u00f6rbundsst\u00e4mma ska h\u00e5llas \u00e5rligen i september\u2013december vid en tidpunkt som styrelsen best\u00e4mmer.<\/p>\n\n\n\n<p>En extra f\u00f6rbundsst\u00e4mma h\u00e5lls n\u00e4r f\u00f6rbundsst\u00e4mman eller styrelsen beslutar om det eller om en medlemsf\u00f6rening skriftligt beg\u00e4r det fr\u00e5n styrelsen f\u00f6r behandling av en angiven fr\u00e5ga. Kallelsen till medlemmarna m\u00e5ste skickas ut inom 14 dagar efter att beg\u00e4ran har<\/p>\n\n\n\n<p>mottagits av styrelsen. St\u00e4mman ska h\u00e5llas inom en m\u00e5nad fr\u00e5n och med dagen d\u00e5 kallelsen skickades ut.<\/p>\n\n\n\n<p><strong>8 \u00a7 Kallelse till f\u00f6rbundsst\u00e4mman<\/strong><\/p>\n\n\n\n<p>F\u00f6rbundsst\u00e4mman sammankallas av f\u00f6rbundets styrelse. Styrelsen best\u00e4mmer den exakta tidpunkten och platsen f\u00f6r f\u00f6rbundsst\u00e4mman. Kallelsen till f\u00f6rbundsst\u00e4mman ska skickas till medlemsf\u00f6reningarna minst 14 dagar f\u00f6re m\u00f6tet, antingen per brev eller elektroniskt till den kontaktinformation som medlemsf\u00f6reningen har angett. De n\u00f6dv\u00e4ndiga dokumenten f\u00f6r behandling av \u00e4renden som kommer att tas upp vid m\u00f6tet ska skickas till medlemmarna innan f\u00f6rbundsst\u00e4mman. Medlemsf\u00f6reningen ska meddela styrelsen namnen p\u00e5 de representanter som den har valt till f\u00f6rbundsst\u00e4mman minst tv\u00e5 dagar f\u00f6re m\u00f6tet. F\u00f6rbundsst\u00e4mman \u00e4r beslutf\u00f6r n\u00e4r minst h\u00e4lften av de representanter som medlemsf\u00f6reningen har utsett \u00e4r n\u00e4rvarande.<\/p>\n\n\n\n<p><strong>9 \u00a7 Organisering av f\u00f6rbundsm\u00f6tet<\/strong><\/p>\n\n\n\n<p>F\u00f6rbundets ordf\u00f6rande eller vid ordf\u00f6randens fr\u00e5nvaro vice ordf\u00f6rande \u00f6ppnar f\u00f6rbundsst\u00e4mman och leder diskussionen fram till dess att en ordf\u00f6rande har valts f\u00f6r m\u00f6tet. F\u00f6rbundsst\u00e4mmans sekreterare \u00e4r f\u00f6rbundets sekreterare eller vid sekreterarens fr\u00e5nvaro en person som valts av f\u00f6rbundsst\u00e4mman.<\/p>\n\n\n\n<p><strong>10 \u00a7 Beslutsfattande vid f\u00f6rbundsst\u00e4mman<\/strong><\/p>\n\n\n\n<p>Varje n\u00e4rvarande representant vid f\u00f6rbundsst\u00e4mman har en r\u00f6st. Beslut fattas med enkel majoritet om inte annat f\u00f6reskrivs i dessa stadgar. Val genomf\u00f6rs genom majoritetsval, utom vid valet av f\u00f6rbundsstyrelsen d\u00e4r beslutet fattas enligt de regler som beskrivs i dessa stadgar. Vid lika antal r\u00f6ster avg\u00f6rs valet genom lottning, och i andra \u00e4renden vinner f\u00f6rslaget som ordf\u00f6randen st\u00e4ller sig bakom.<\/p>\n\n\n\n<p>En fr\u00e5ga som behandlas f\u00f6r f\u00f6rsta g\u00e5ngen p\u00e5 m\u00f6tet kan, om inte annat f\u00f6reskrivs i dessa stadgar, bordl\u00e4ggas eller \u00e5terf\u00f6rvisas f\u00f6r beredning vid n\u00e4sta m\u00f6te p\u00e5 beg\u00e4ran av minst fem representanter, om inte minst tv\u00e5 tredjedelar av de r\u00f6stber\u00e4ttigade anser att fr\u00e5gan \u00e4r s\u00e5 br\u00e5dskande att den m\u00e5ste beslutas under samma m\u00f6te.<\/p>\n\n\n\n<p><strong>11 \u00a7 Val av styrelsen<\/strong><\/p>\n\n\n\n<p>Till styrelsen v\u00e4ljs 3\u20139 personer. Varje m\u00f6tesrepresentant som \u00e4r utsedd av en medlemsf\u00f6reningen har en r\u00f6st. Varje kandidat som f\u00e5r minst tv\u00e5 r\u00f6ster v\u00e4ljs till styrelsen.<\/p>\n\n\n\n<p>Styrelsens ordf\u00f6rande v\u00e4ljs separat fr\u00e5n \u00f6vriga styrelsemedlemmar med enkel majoritet.<\/p>\n\n\n\n<p>Varje studerandemedlem i medlemsf\u00f6reningen kan st\u00e4lla upp till styrelsen genom att l\u00e4mna in en skriftlig anm\u00e4lan till styrelsen f\u00f6re avslutningen av kandidatnomineringen.<\/p>\n\n\n\n<p><strong>12 \u00a7 \u00c4renden som behandlas vid f\u00f6rbundsst\u00e4mman<\/strong><\/p>\n\n\n\n<p>F\u00f6rbundsst\u00e4mman ut\u00f6var f\u00f6rbundets h\u00f6gsta beslutsmakt. Vid f\u00f6rbundsst\u00e4mman fastst\u00e4lls f\u00f6rbundets riktlinjer och de ekonomiska ramarna f\u00f6r verksamheten, beslutas om \u00e4ndringar av f\u00f6rbundets stadgar och f\u00f6reskrifter samt om uppl\u00f6sning av f\u00f6rbundet.<\/p>\n\n\n\n<p><em>12.1 \u00c4renden som behandlas vid ordinarie f\u00f6rbundsst\u00e4mma<\/em><\/p>\n\n\n\n<p>F\u00f6ljande \u00e4renden behandlas vid ordinarie f\u00f6rbundsst\u00e4mma:<br><\/p>\n\n\n\n<ul class=\"wp-block-list\">\n<li>Tills\u00e4ttande av de n\u00f6dv\u00e4ndiga kommitt\u00e9erna inf\u00f6r f\u00f6rbundsst\u00e4mman<\/li>\n\n\n\n<li>Behandling av \u00e5rsredovisning, verksamhetsber\u00e4ttelse och verksamhetsgranskarnas utl\u00e5tande<\/li>\n\n\n\n<li>Fastst\u00e4llande av \u00e5rsredovisningen och beslut om ansvarsfrihet f\u00f6r styrelsen och \u00f6vriga ansvariga<\/li>\n\n\n\n<li>Genomg\u00e5ng av styrelsens redog\u00f6relse f\u00f6r verksamheten under det g\u00e5ngna \u00e5ret<\/li>\n\n\n\n<li>Fastst\u00e4llande av medlemsf\u00f6reningarnas medlemsavgifter<\/li>\n\n\n\n<li>Fastst\u00e4llande av verksamhetsplan och budget f\u00f6r f\u00f6ljande \u00e5r<\/li>\n\n\n\n<li>Val av f\u00f6rbundets ordf\u00f6rande<\/li>\n\n\n\n<li>Val av 3\u20139 \u00f6vriga medlemmar till styrelsen<\/li>\n\n\n\n<li>Val av revisor och suppleant f\u00f6r revisor<\/li>\n\n\n\n<li>Behandling av initiativ och styrelsens svar p\u00e5 dessa<\/li>\n\n\n\n<li>Behandling av eventuella utl\u00e5tanden fr\u00e5n m\u00f6tet<\/li>\n\n\n\n<li>Behandling av \u00f6vriga \u00e4renden som n\u00e4mns i m\u00f6teskallelsen<br><br><em>12.2 \u00c4renden som behandlas vid extra f\u00f6rbundsst\u00e4mma<\/em><br>Vid en extra f\u00f6rbundsst\u00e4mma behandlas de \u00e4renden f\u00f6r vilka m\u00f6tet har sammankallats, samt de \u00e4renden som styrelsen anser vara n\u00f6dv\u00e4ndiga.<br><br><em>12.3 Behandling av \u00e4renden som inte n\u00e4mns i kallelsen<\/em><br>\u00c4renden som inte har n\u00e4mnts i kallelsen till m\u00f6tet ska, efter diskussion, \u00f6verf\u00f6ras till n\u00e4sta ordinarie eller extra f\u00f6rbundsst\u00e4mma, om inte m\u00f6tet anser \u00e4rendet vara br\u00e5dskande med minst fyra femtedelars majoritet. Vid m\u00f6tet kan dock inte \u00e4renden behandlas som omfattas av f\u00f6reningenslagens 23 \u00a7 eller liknande \u00e4renden om de inte har n\u00e4mnts i m\u00f6teskallelesen.<br><br><strong>13 \u00a7 F\u00f6rbundsst\u00e4mmans protokoll<\/strong><br><br>Vid f\u00f6rbundsst\u00e4mman f\u00f6rs ett motiverat beslutsprotokoll som undertecknas av m\u00f6tets ordf\u00f6rande och sekreterare samt granskas och bekr\u00e4ftas som korrekt av tv\u00e5 n\u00e4rvarande medlemmar i f\u00f6reningen. En kopia av protokollet ska inom tv\u00e5 veckor efter m\u00f6tet skickas elektroniskt till medlemsf\u00f6reningarna p\u00e5 den kontaktinformation de har l\u00e4mnat.<br><br><strong>STYRELSEN<\/strong><br><br><strong>14 \u00a7 Styrelsens sammans\u00e4ttning<\/strong><br><br>F\u00f6rbundets styrelse best\u00e5r av en ordf\u00f6rande och 3\u20139 andra ordinarie medlemmar. Vid sitt f\u00f6rsta m\u00f6te v\u00e4ljer styrelsen bland sig en vice ordf\u00f6rande f\u00f6r mandatperioden. Vice ordf\u00f6randen m\u00e5ste vara fr\u00e5n en annan medlemsf\u00f6rening \u00e4n ordf\u00f6randen. Dessutom v\u00e4ljer styrelsen bland sig en sekreterare och en ekonomiansvarig. Ekonomiansvariga kan ocks\u00e5 kombinera uppgiften med andra uppgifter. Styrelsen fattar \u00e5rligen beslut om f\u00f6rdelning av \u00f6vriga uppgifter sinsemellan. Vid tidpunkten f\u00f6r valet m\u00e5ste en styrelsemedlem vara en studerandemedlem i en medlemsf\u00f6rening. Om medlemskapets kriterier f\u00f6r medlemsf\u00f6reningen upph\u00f6r att uppfyllas under styrelseperioden kan styrelsemedlemmen \u00e4nd\u00e5 forts\u00e4tta sitt uppdrag fram till slutet av den aktuella mandatperioden.<\/li>\n<\/ul>\n\n\n\n<p><strong>15 \u00a7 Styrelsemedlems avg\u00e5ng<\/strong><\/p>\n\n\n\n<p>Om en styrelsemedlem avg\u00e5r under sin mandatperiod, \u00e4r kontinuerligt f\u00f6rhindrad att delta i styrelsens verksamhet eller blir befriad fr\u00e5n sina uppgifter, kommer f\u00f6rbundsst\u00e4mman att v\u00e4lja en ny medlem f\u00f6r den \u00e5terst\u00e5ende mandatperioden. En styrelsemedlem kan ocks\u00e5 avs\u00e4ttas av f\u00f6rbundsst\u00e4mman. Beslut om avs\u00e4ttning fattas av f\u00f6rbundsst\u00e4mman.<\/p>\n\n\n\n<p><strong>16 \u00a7 Styrelsem\u00f6ten<\/strong><\/p>\n\n\n\n<p><em>16.1. Sammankallelse<\/em><\/p>\n\n\n\n<p>Styrelsen ska kallas samman n\u00e4r ordf\u00f6randen anser det n\u00f6dv\u00e4ndigt eller n\u00e4r minst tv\u00e5 styrelsemedlemmar kr\u00e4ver det. Kallelsen till styrelsem\u00f6tet utf\u00e4rdas av ordf\u00f6randen eller vice ordf\u00f6randen. Styrelsen beslutar sj\u00e4lv vid mandatperiodens b\u00f6rjan om s\u00e4ttet f\u00f6r att kalla till m\u00f6ten.<\/p>\n\n\n\n<p>Styrelsem\u00f6tet kan ocks\u00e5 h\u00e5llas genom anv\u00e4ndning av telekommunikation.<\/p>\n\n\n\n<p><em>16.2. Beslutsf\u00f6rhet och beslutsfattande<\/em><\/p>\n\n\n\n<p>Styrelsem\u00f6tet \u00e4r beslutsf\u00f6rt n\u00e4r minst h\u00e4lften av styrelsemedlemmarna, inklusive ordf\u00f6randen eller vice ordf\u00f6randen, \u00e4r n\u00e4rvarande. Omr\u00f6stningar avg\u00f6rs med enkel majoritet. Vid lika r\u00f6stetal avg\u00f6r ordf\u00f6randens r\u00f6st och vid personval avg\u00f6r lotten.<\/p>\n\n\n\n<p><em>16.3. Tal- och n\u00e4rvaror\u00e4tt<\/em><\/p>\n\n\n\n<p>Styrelsen kan bevilja tal- och n\u00e4rvaror\u00e4tt vid sina m\u00f6ten \u00e4ven till personer utanf\u00f6r styrelsen.<\/p>\n\n\n\n<p><strong>17 \u00a7 Styrelsens uppgifter<\/strong><\/p>\n\n\n\n<p>Ut\u00f6ver vad som f\u00f6reskrivs i stadgar och lagar, \u00e4r styrelsens uppgifter att:<\/p>\n\n\n\n<ul class=\"wp-block-list\">\n<li>Leda f\u00f6rbundets verksamhet i enlighet med stadgarna och beslut fattade av f\u00f6rbundsst\u00e4mman samt ta initiativ f\u00f6r att utveckla f\u00f6rbundets verksamhet<\/li>\n\n\n\n<li>Ansvara f\u00f6r insamling av medel och f\u00f6rvaltning av tillg\u00e5ngar<\/li>\n\n\n\n<li>F\u00f6rbereda m\u00f6ten f\u00f6r delegationen<\/li>\n\n\n\n<li>Koordinera den nationella intressebevakningen f\u00f6r juridikstuderande<br><br>DELEGATION<br><br><strong>18 \u00a7 Sammans\u00e4ttning av delegationen<\/strong><br><br>Delegationen best\u00e5r av tv\u00e5 representanter f\u00f6r varje medlemsf\u00f6rening inom f\u00f6rbundet, varav \u00e5tminstone en ska vara en del av medlemsf\u00f6reningens styrelseordf\u00f6randek\u00e5r. Medlemsf\u00f6reningen utser representanterna till delegationen f\u00f6r en mandatperiod p\u00e5 ett kalender\u00e5r. Om en medlem av delegationen \u00e4r f\u00f6rhindrad att delta i delegationens m\u00f6te, kan den medlemsf\u00f6rening som har utsett representanten befullm\u00e4ktiga en ers\u00e4ttare som den har utsett att delta.<br><br><strong>19 \u00a7 Delegationens uppgifter<\/strong><\/li>\n<\/ul>\n\n\n\n<ul class=\"wp-block-list\">\n<li>V\u00e4gleda styrelsens intressebevakningsarbete genom st\u00e4llningstaganden och riktlinjedokument<\/li>\n\n\n\n<li>Verka som ett samarbetsorgan f\u00f6r medlemsf\u00f6reningarnas intressebevakningsarbete inom f\u00f6rbundet<\/li>\n\n\n\n<li>St\u00f6dja f\u00f6rtroendevalda ansvariga f\u00f6r medlemsf\u00f6reningarnas intressebevakning inom f\u00f6rbundet<\/li>\n<\/ul>\n\n\n\n<p>UTSKOTT<\/p>\n\n\n\n<p><strong>20 \u00a7 Utskott<\/strong><\/p>\n\n\n\n<p>F\u00f6rbundsst\u00e4mman har r\u00e4tt att tills\u00e4tta permanenta och tillf\u00e4lliga utskott. Styrelsen kan tills\u00e4tta tillf\u00e4lliga utskott. F\u00f6rbundsst\u00e4mman fastst\u00e4ller f\u00f6reskrifter f\u00f6r de permanenta n\u00e4mnderna.<\/p>\n\n\n\n<p>FUNKTION\u00c4RER<\/p>\n\n\n\n<p><strong>21 \u00a7 Funktion\u00e4rer<\/strong><\/p>\n\n\n\n<p>F\u00f6rbundet har m\u00f6jlighet att anst\u00e4lla personal vid behov.<\/p>\n\n\n\n<p>EKONOMI<\/p>\n\n\n\n<p><strong>22 \u00a7 Finansiering av verksamheten<\/strong><\/p>\n\n\n\n<p>F\u00f6rbundets verksamhet finansieras genom medlemsavgifter, int\u00e4kter fr\u00e5n verksamheten samt erh\u00e5llna donationer och bidrag. F\u00f6rbundet har r\u00e4tt att ta emot arv och donationer, \u00e4ga fast och immateriell egendom samt samla in medel med l\u00e4mpligt tillst\u00e5nd f\u00f6r att uppfylla sina \u00e4ndam\u00e5l. Vid behov kan f\u00f6rbundsstyrelsen fatta ekonomiska beslut f\u00f6r att s\u00e4kerst\u00e4lla f\u00f6rbundets m\u00e5l och l\u00e5ngsiktiga ekonomiska stabilitet.<\/p>\n\n\n\n<p><strong>23 \u00a7 Medlemsavgift<\/strong><\/p>\n\n\n\n<p>Medlemmarna betalar en \u00e5rlig medlemsavgift enligt beslut av f\u00f6rbundsst\u00e4mman baserat p\u00e5 antalet medlemmar 31.10 f\u00f6reg\u00e5ende \u00e5r. Styrelsen ansvarar f\u00f6r insamlingen av medlemsavgiften. F\u00f6r att h\u00f6ja medlemsavgiften kr\u00e4vs en tv\u00e5 tredjedels (2\/3) majoritet av de angivna r\u00f6sterna vid f\u00f6rbundsst\u00e4mman.<\/p>\n\n\n\n<p><strong>24 \u00a7 Verksamhets- och r\u00e4kenskaps\u00e5r<\/strong><\/p>\n\n\n\n<p>F\u00f6rbundets verksamhets- och r\u00e4kenskaps\u00e5r \u00e4r kalender\u00e5ret.<\/p>\n\n\n\n<p><strong>\u00d6VRIGA BEST\u00c4MMELSER<\/strong><\/p>\n\n\n\n<p><strong>25 \u00a7 R\u00e4tt att f\u00f6retr\u00e4da f\u00f6rbundet<\/strong><\/p>\n\n\n\n<p>Ordf\u00f6randen eller tv\u00e5 styrelsemedlemmar samtidigt har r\u00e4tt att f\u00f6retr\u00e4da f\u00f6rbundet.<\/p>\n\n\n\n<p><strong>26 \u00a7 \u00c4ndring av stadgarna och uppl\u00f6sning av f\u00f6rbundet<\/strong><\/p>\n\n\n\n<p>F\u00f6rslaget om \u00e4ndring av dessa stadgar eller uppl\u00f6sning av f\u00f6rbundet anses godk\u00e4nt om det f\u00e5r minst tv\u00e5 tredjedelar av de angivna r\u00f6sterna vid tv\u00e5 p\u00e5 varandra f\u00f6ljande f\u00f6rbundsst\u00e4mmor med minst 14 dagars mellanrum. Vid uppl\u00f6sning av f\u00f6rbundet ska dess tillg\u00e5ngar f\u00f6rdelas bland medlemmarna i f\u00f6rh\u00e5llande till antalet medlemmar.\u2003<\/p>","protected":false},"excerpt":{"rendered":"<p>OIKEUSTIETEEN OPISKELIJOIDEN LIITTO &#8211; JURIS STUDENTERS F\u00d6RBUND RY:N S\u00c4\u00c4NN\u00d6T\u00a0 YLEISI\u00c4 M\u00c4\u00c4R\u00c4YKSI\u00c4 1 \u00a7 Nimi, kieli- ja kotipaikka Yhdistyksen nimi on Oikeustieteen opiskelijoiden liitto &#8211; Juris studenters f\u00f6rbund ry. Liitosta voidaan my\u00f6s k\u00e4ytt\u00e4\u00e4 ep\u00e4virallista nime\u00e4 \u201dOikkariliitto\u201d sek\u00e4 lyhenteit\u00e4 \u201cOOL\u201d ja \u201cJSF\u201d, ja ep\u00e4virallista englanninkielist\u00e4 nime\u00e4 Finnish Law Students\u2019 Association. Liiton kielet ovat suomi ja ruotsi, asioimis- [&hellip;]<\/p>\n","protected":false},"author":2,"featured_media":0,"parent":25594,"menu_order":3,"comment_status":"closed","ping_status":"closed","template":"","meta":{"_uag_custom_page_level_css":"","site-sidebar-layout":"default","site-content-layout":"","ast-site-content-layout":"default","site-content-style":"default","site-sidebar-style":"default","ast-global-header-display":"","ast-banner-title-visibility":"","ast-main-header-display":"","ast-hfb-above-header-display":"","ast-hfb-below-header-display":"","ast-hfb-mobile-header-display":"","site-post-title":"","ast-breadcrumbs-content":"","ast-featured-img":"","footer-sml-layout":"","ast-disable-related-posts":"","theme-transparent-header-meta":"","adv-header-id-meta":"","stick-header-meta":"","header-above-stick-meta":"","header-main-stick-meta":"","header-below-stick-meta":"","astra-migrate-meta-layouts":"default","ast-page-background-enabled":"default","ast-page-background-meta":{"desktop":{"background-color":"","background-image":"","background-repeat":"repeat","background-position":"center center","background-size":"auto","background-attachment":"scroll","background-type":"","background-media":"","overlay-type":"","overlay-color":"","overlay-opacity":"","overlay-gradient":""},"tablet":{"background-color":"","background-image":"","background-repeat":"repeat","background-position":"center center","background-size":"auto","background-attachment":"scroll","background-type":"","background-media":"","overlay-type":"","overlay-color":"","overlay-opacity":"","overlay-gradient":""},"mobile":{"background-color":"","background-image":"","background-repeat":"repeat","background-position":"center center","background-size":"auto","background-attachment":"scroll","background-type":"","background-media":"","overlay-type":"","overlay-color":"","overlay-opacity":"","overlay-gradient":""}},"ast-content-background-meta":{"desktop":{"background-color":"var(--ast-global-color-5)","background-image":"","background-repeat":"repeat","background-position":"center center","background-size":"auto","background-attachment":"scroll","background-type":"","background-media":"","overlay-type":"","overlay-color":"","overlay-opacity":"","overlay-gradient":""},"tablet":{"background-color":"var(--ast-global-color-5)","background-image":"","background-repeat":"repeat","background-position":"center center","background-size":"auto","background-attachment":"scroll","background-type":"","background-media":"","overlay-type":"","overlay-color":"","overlay-opacity":"","overlay-gradient":""},"mobile":{"background-color":"var(--ast-global-color-5)","background-image":"","background-repeat":"repeat","background-position":"center center","background-size":"auto","background-attachment":"scroll","background-type":"","background-media":"","overlay-type":"","overlay-color":"","overlay-opacity":"","overlay-gradient":""}},"footnotes":""},"class_list":["post-25961","page","type-page","status-publish","hentry"],"uagb_featured_image_src":{"full":false,"thumbnail":false,"medium":false,"medium_large":false,"large":false,"1536x1536":false,"2048x2048":false,"trp-custom-language-flag":false},"uagb_author_info":{"display_name":"Yll\u00e4pit\u00e4j\u00e4","author_link":"http:\/\/www.oikkariliitto.fi\/sv\/author\/admin-2\/"},"uagb_comment_info":0,"uagb_excerpt":"OIKEUSTIETEEN OPISKELIJOIDEN LIITTO &#8211; JURIS STUDENTERS F\u00d6RBUND RY:N S\u00c4\u00c4NN\u00d6T\u00a0 YLEISI\u00c4 M\u00c4\u00c4R\u00c4YKSI\u00c4 1 \u00a7 Nimi, kieli- ja kotipaikka Yhdistyksen nimi on Oikeustieteen opiskelijoiden liitto &#8211; Juris studenters f\u00f6rbund ry. Liitosta voidaan my\u00f6s k\u00e4ytt\u00e4\u00e4 ep\u00e4virallista nime\u00e4 \u201dOikkariliitto\u201d sek\u00e4 lyhenteit\u00e4 \u201cOOL\u201d ja \u201cJSF\u201d, ja ep\u00e4virallista englanninkielist\u00e4 nime\u00e4 Finnish Law Students\u2019 Association. Liiton kielet ovat suomi ja ruotsi, asioimis-&hellip;","_links":{"self":[{"href":"http:\/\/www.oikkariliitto.fi\/sv\/wp-json\/wp\/v2\/pages\/25961","targetHints":{"allow":["GET"]}}],"collection":[{"href":"http:\/\/www.oikkariliitto.fi\/sv\/wp-json\/wp\/v2\/pages"}],"about":[{"href":"http:\/\/www.oikkariliitto.fi\/sv\/wp-json\/wp\/v2\/types\/page"}],"author":[{"embeddable":true,"href":"http:\/\/www.oikkariliitto.fi\/sv\/wp-json\/wp\/v2\/users\/2"}],"replies":[{"embeddable":true,"href":"http:\/\/www.oikkariliitto.fi\/sv\/wp-json\/wp\/v2\/comments?post=25961"}],"version-history":[{"count":2,"href":"http:\/\/www.oikkariliitto.fi\/sv\/wp-json\/wp\/v2\/pages\/25961\/revisions"}],"predecessor-version":[{"id":25964,"href":"http:\/\/www.oikkariliitto.fi\/sv\/wp-json\/wp\/v2\/pages\/25961\/revisions\/25964"}],"up":[{"embeddable":true,"href":"http:\/\/www.oikkariliitto.fi\/sv\/wp-json\/wp\/v2\/pages\/25594"}],"wp:attachment":[{"href":"http:\/\/www.oikkariliitto.fi\/sv\/wp-json\/wp\/v2\/media?parent=25961"}],"curies":[{"name":"wp","href":"https:\/\/api.w.org\/{rel}","templated":true}]}}