{"id":25742,"date":"2021-05-29T13:47:25","date_gmt":"2021-05-29T13:47:25","guid":{"rendered":"http:\/\/www.oikkariliitto.fi\/?page_id=25742"},"modified":"2021-05-30T18:24:09","modified_gmt":"2021-05-30T18:24:09","slug":"jasenyhdistykset","status":"publish","type":"page","link":"http:\/\/www.oikkariliitto.fi\/sv\/meista\/jasenyhdistykset\/","title":{"rendered":"Medlemsf\u00f6reningar"},"content":{"rendered":"<div class=\"wp-block-columns is-layout-flex wp-container-core-columns-is-layout-1 wp-block-columns-is-layout-flex\">\n<div class=\"wp-block-column is-layout-flow wp-block-column-is-layout-flow\" style=\"flex-basis:66.66%\">\n<h3 class=\"wp-block-heading\"><strong>Artikla <\/strong>ry<\/h3>\n\n\n\n<p>Oikeustieteen ylioppilaiden yhdistys Artikla ry \u00e4r grundad \u00e5r 1979 och fungerar som \u00e4mnesf\u00f6rening f\u00f6r studerande vid Lapplands universitets juridiska fakultet. F\u00f6reningen har ungef\u00e4r 1100 medlemmar. F\u00f6reningens syfte \u00e4r st\u00f6da sina medlemmar i \u00e4renden relaterade till s\u00e5v\u00e4l studier som fritid samt bevaka juris studerandes intressen b\u00e5de p\u00e5 lokal och nationell niv\u00e5. Artikla ry \u00e4r medlemsf\u00f6rening i Finlands Juristf\u00f6rbund.<\/p>\n\n\n\n<div class=\"wp-block-buttons is-layout-flex wp-block-buttons-is-layout-flex\">\n<div class=\"wp-block-button\"><a class=\"wp-block-button__link\" href=\"https:\/\/artikla.fi\/\" target=\"_blank\" rel=\"noreferrer noopener\">F\u00f6reningens hemsida<\/a><\/div>\n<\/div>\n<\/div>\n\n\n\n<div class=\"wp-block-column is-layout-flow wp-block-column-is-layout-flow\" style=\"flex-basis:33.33%\">\n<figure class=\"wp-block-image size-large\"><img loading=\"lazy\" decoding=\"async\" width=\"1024\" height=\"1024\" src=\"http:\/\/www.oikkariliitto.fi\/wp-content\/uploads\/2021\/05\/LOGO-Artikla-1024x1024.png\" alt=\"\" class=\"wp-image-25809\" srcset=\"http:\/\/www.oikkariliitto.fi\/wp-content\/uploads\/2021\/05\/LOGO-Artikla-1024x1024.png 1024w, http:\/\/www.oikkariliitto.fi\/wp-content\/uploads\/2021\/05\/LOGO-Artikla-300x300.png 300w, http:\/\/www.oikkariliitto.fi\/wp-content\/uploads\/2021\/05\/LOGO-Artikla-150x150.png 150w, http:\/\/www.oikkariliitto.fi\/wp-content\/uploads\/2021\/05\/LOGO-Artikla-768x768.png 768w, http:\/\/www.oikkariliitto.fi\/wp-content\/uploads\/2021\/05\/LOGO-Artikla.png 1149w\" sizes=\"auto, (max-width: 1024px) 100vw, 1024px\" \/><\/figure>\n<\/div>\n<\/div>\n\n\n\n<div class=\"wp-block-group\"><div class=\"wp-block-group__inner-container is-layout-flow wp-block-group-is-layout-flow\">\n<div class=\"wp-block-columns is-layout-flex wp-container-core-columns-is-layout-2 wp-block-columns-is-layout-flex\">\n<div class=\"wp-block-column is-layout-flow wp-block-column-is-layout-flow\" style=\"flex-basis:66.66%\">\n<h3 class=\"wp-block-heading\">Juristklubben <strong>Codex <\/strong>ry<\/h3>\n\n\n\n<p>Juristklubben Codex rf \u00e4r \u00e4mnesf\u00f6reningen f\u00f6r de svenskspr\u00e5kiga juris studenterna vid Helsingfors universitet. Klubben grundades \u00e5r 1940 och har genom tiderna varit ett centrum f\u00f6r medlemmarnas sociala aktivitet liksom ocks\u00e5 f\u00f6r deras studieaktivitet.<\/p>\n\n\n\n<div class=\"wp-block-buttons is-layout-flex wp-block-buttons-is-layout-flex\">\n<div class=\"wp-block-button\"><a class=\"wp-block-button__link\" href=\"https:\/\/codex.fi\/\" target=\"_blank\" rel=\"noreferrer noopener\">F\u00f6renings hemsida<\/a><\/div>\n<\/div>\n<\/div>\n\n\n\n<div class=\"wp-block-column is-layout-flow wp-block-column-is-layout-flow\" style=\"flex-basis:33.33%\">\n<figure class=\"wp-block-image size-full\"><img loading=\"lazy\" decoding=\"async\" width=\"768\" height=\"960\" src=\"http:\/\/www.oikkariliitto.fi\/wp-content\/uploads\/2021\/05\/LOGO-Codex.png\" alt=\"\" class=\"wp-image-25808\" srcset=\"http:\/\/www.oikkariliitto.fi\/wp-content\/uploads\/2021\/05\/LOGO-Codex.png 768w, http:\/\/www.oikkariliitto.fi\/wp-content\/uploads\/2021\/05\/LOGO-Codex-240x300.png 240w\" sizes=\"auto, (max-width: 768px) 100vw, 768px\" \/><\/figure>\n<\/div>\n<\/div>\n<\/div><\/div>\n\n\n\n<div class=\"wp-block-group\"><div class=\"wp-block-group__inner-container is-layout-flow wp-block-group-is-layout-flow\">\n<div class=\"wp-block-columns is-layout-flex wp-container-core-columns-is-layout-3 wp-block-columns-is-layout-flex\">\n<div class=\"wp-block-column is-layout-flow wp-block-column-is-layout-flow\" style=\"flex-basis:66.66%\">\n<h3 class=\"wp-block-heading\"><strong>Judica <\/strong>ry<\/h3>\n\n\n\n<p>Judica ry \u00e4r \u00e4mnesf\u00f6reningen f\u00f6r studeranden som avl\u00e4gger r\u00e4ttsnotarie- och juris magisterexamen vid \u00d6stra Finlands universitet. F\u00f6reningen \u00e4r medlemsf\u00f6rening i Finlands Juristf\u00f6rbund och ISYY. Judica ry, som grundades \u00e5r 2013, sk\u00f6ter om sina medlemmars intressen s\u00e5v\u00e4l lokalt som nationellt. V\u00e5r hemort \u00e4r Joensuu.<\/p>\n\n\n\n<div class=\"wp-block-buttons is-layout-flex wp-block-buttons-is-layout-flex\">\n<div class=\"wp-block-button\"><a class=\"wp-block-button__link\" href=\"https:\/\/www.judica.fi\/\" target=\"_blank\" rel=\"noreferrer noopener\">F\u00f6reningens hemsida<\/a><\/div>\n<\/div>\n<\/div>\n\n\n\n<div class=\"wp-block-column is-layout-flow wp-block-column-is-layout-flow\" style=\"flex-basis:33.33%\">\n<figure class=\"wp-block-image size-large\"><img loading=\"lazy\" decoding=\"async\" width=\"1024\" height=\"1024\" src=\"http:\/\/www.oikkariliitto.fi\/wp-content\/uploads\/2021\/05\/LOGO-Judica-1024x1024.png\" alt=\"\" class=\"wp-image-25807\" srcset=\"http:\/\/www.oikkariliitto.fi\/wp-content\/uploads\/2021\/05\/LOGO-Judica-1024x1024.png 1024w, http:\/\/www.oikkariliitto.fi\/wp-content\/uploads\/2021\/05\/LOGO-Judica-300x300.png 300w, http:\/\/www.oikkariliitto.fi\/wp-content\/uploads\/2021\/05\/LOGO-Judica-150x150.png 150w, http:\/\/www.oikkariliitto.fi\/wp-content\/uploads\/2021\/05\/LOGO-Judica-768x768.png 768w, http:\/\/www.oikkariliitto.fi\/wp-content\/uploads\/2021\/05\/LOGO-Judica-1536x1536.png 1536w, http:\/\/www.oikkariliitto.fi\/wp-content\/uploads\/2021\/05\/LOGO-Judica.png 1920w\" sizes=\"auto, (max-width: 1024px) 100vw, 1024px\" \/><\/figure>\n<\/div>\n<\/div>\n<\/div><\/div>\n\n\n\n<div class=\"wp-block-group\"><div class=\"wp-block-group__inner-container is-layout-flow wp-block-group-is-layout-flow\">\n<div class=\"wp-block-columns is-layout-flex wp-container-core-columns-is-layout-4 wp-block-columns-is-layout-flex\">\n<div class=\"wp-block-column is-layout-flow wp-block-column-is-layout-flow\" style=\"flex-basis:66.66%\">\n<h3 class=\"wp-block-heading\"><strong>Justus <\/strong>ry\/r.f.<\/h3>\n\n\n\n<p>Justus ry\/r.f. \u00e4r \u00e4mnesf\u00f6reningen f\u00f6r studerande vid Helsingfors universitets juridiska fakultets enhet i Vasa. \u00c4mnesf\u00f6reningen grundades \u00e5r 1991 och v\u00e5r verksamhet \u00e4r s\u00e5som undervisningen tv\u00e5spr\u00e5kig. De mest centrala verksamhetsformerna f\u00f6r Justus \u00e4r social verksamhet f\u00f6r studerande, intressebevakning av Vasas undervisning, att ha kul tillsammans och samarbete med andra juridiska \u00e4mnesf\u00f6reningar.<\/p>\n\n\n\n<div class=\"wp-block-buttons is-layout-flex wp-block-buttons-is-layout-flex\">\n<div class=\"wp-block-button\"><a class=\"wp-block-button__link\" href=\"https:\/\/justuswasa.fi\/\" target=\"_blank\" rel=\"noreferrer noopener\">F\u00f6reningens hemsida<\/a><\/div>\n<\/div>\n<\/div>\n\n\n\n<div class=\"wp-block-column is-layout-flow wp-block-column-is-layout-flow\" style=\"flex-basis:33.33%\">\n<figure class=\"wp-block-image size-large\"><img loading=\"lazy\" decoding=\"async\" width=\"1024\" height=\"1019\" src=\"http:\/\/www.oikkariliitto.fi\/wp-content\/uploads\/2021\/05\/LOGO-Justus-1024x1019.png\" alt=\"\" class=\"wp-image-25806\" srcset=\"http:\/\/www.oikkariliitto.fi\/wp-content\/uploads\/2021\/05\/LOGO-Justus-1024x1019.png 1024w, http:\/\/www.oikkariliitto.fi\/wp-content\/uploads\/2021\/05\/LOGO-Justus-300x300.png 300w, http:\/\/www.oikkariliitto.fi\/wp-content\/uploads\/2021\/05\/LOGO-Justus-150x150.png 150w, http:\/\/www.oikkariliitto.fi\/wp-content\/uploads\/2021\/05\/LOGO-Justus-768x764.png 768w, http:\/\/www.oikkariliitto.fi\/wp-content\/uploads\/2021\/05\/LOGO-Justus-1536x1529.png 1536w, http:\/\/www.oikkariliitto.fi\/wp-content\/uploads\/2021\/05\/LOGO-Justus-2048x2038.png 2048w\" sizes=\"auto, (max-width: 1024px) 100vw, 1024px\" \/><\/figure>\n<\/div>\n<\/div>\n<\/div><\/div>\n\n\n\n<div class=\"wp-block-group\"><div class=\"wp-block-group__inner-container is-layout-flow wp-block-group-is-layout-flow\">\n<div class=\"wp-block-columns is-layout-flex wp-container-core-columns-is-layout-5 wp-block-columns-is-layout-flex\">\n<div class=\"wp-block-column is-layout-flow wp-block-column-is-layout-flow\" style=\"flex-basis:66.66%\">\n<h3 class=\"wp-block-heading\"><strong>Lex <\/strong>ry<\/h3>\n\n\n\n<p>Oikeustieteen ylioppilaiden yhdistys Lex ry \u00e4r grundat \u00e5r 1961 och fungerar som \u00e4mnesf\u00f6rening f\u00f6r juris studerande i \u00c5bo. Som medlem f\u00e5r du ta del av medlemsf\u00f6rm\u00e5ner, delta i f\u00f6reningens m\u00f6ten och besluta om f\u00f6reningens \u00e4renden.<\/p>\n\n\n\n<div class=\"wp-block-buttons is-layout-flex wp-block-buttons-is-layout-flex\">\n<div class=\"wp-block-button\"><a class=\"wp-block-button__link\" href=\"http:\/\/lex.fi\" target=\"_blank\" rel=\"noreferrer noopener\">F\u00f6reningens hemsida<\/a><\/div>\n<\/div>\n<\/div>\n\n\n\n<div class=\"wp-block-column is-layout-flow wp-block-column-is-layout-flow\" style=\"flex-basis:33.33%\">\n<figure class=\"wp-block-image size-large\"><img loading=\"lazy\" decoding=\"async\" width=\"393\" height=\"480\" src=\"http:\/\/www.oikkariliitto.fi\/wp-content\/uploads\/2021\/05\/LOGO-Lex.png\" alt=\"\" class=\"wp-image-25805\" srcset=\"http:\/\/www.oikkariliitto.fi\/wp-content\/uploads\/2021\/05\/LOGO-Lex.png 393w, http:\/\/www.oikkariliitto.fi\/wp-content\/uploads\/2021\/05\/LOGO-Lex-246x300.png 246w\" sizes=\"auto, (max-width: 393px) 100vw, 393px\" \/><\/figure>\n<\/div>\n<\/div>\n<\/div><\/div>\n\n\n\n<div class=\"wp-block-group\"><div class=\"wp-block-group__inner-container is-layout-flow wp-block-group-is-layout-flow\">\n<div class=\"wp-block-columns is-layout-flex wp-container-core-columns-is-layout-6 wp-block-columns-is-layout-flex\">\n<div class=\"wp-block-column is-layout-flow wp-block-column-is-layout-flow\" style=\"flex-basis:66.66%\">\n<h3 class=\"wp-block-heading\"><strong>Pyk\u00e4l\u00e4 <\/strong>ry<\/h3>\n\n\n\n<p>Pyk\u00e4l\u00e4 ry \u00e4r Helsingfors universitets juridiska fakultets fakultets\u00e4mnesf\u00f6rening. Pyk\u00e4l\u00e4 grundades av sina 24 ursprungliga medlemmar redan \u00e5r 1935. F\u00f6reningens uppgift var d\u00e5 att fungera som sina medlemmars diskussions- och hobbyf\u00f6rening relaterad till de juridiska studierna. Idag har Pyk\u00e4l\u00e4 ungef\u00e4r 2000 medlemmar och f\u00f6reningen erbjuder studie-, hobby- och kulturtj\u00e4nster till sina medlemmar samt bevakar deras intressen vid fakulteten och inom hela universitetsgemenskapen. Pyk\u00e4l\u00e4 ry \u00e4r medlemsf\u00f6rening i Finlands Juristf\u00f6rbund.<\/p>\n\n\n\n<div class=\"wp-block-buttons is-layout-flex wp-block-buttons-is-layout-flex\">\n<div class=\"wp-block-button\"><a class=\"wp-block-button__link\" href=\"https:\/\/pykala.fi\/\">F\u00f6reningens hemsida<\/a><\/div>\n<\/div>\n<\/div>\n\n\n\n<div class=\"wp-block-column is-layout-flow wp-block-column-is-layout-flow\" style=\"flex-basis:33.33%\">\n<figure class=\"wp-block-image size-large\"><img loading=\"lazy\" decoding=\"async\" width=\"1022\" height=\"1024\" src=\"http:\/\/www.oikkariliitto.fi\/wp-content\/uploads\/2021\/05\/LOGO-Pykala-1022x1024.png\" alt=\"\" class=\"wp-image-25804\" srcset=\"http:\/\/www.oikkariliitto.fi\/wp-content\/uploads\/2021\/05\/LOGO-Pykala-1022x1024.png 1022w, http:\/\/www.oikkariliitto.fi\/wp-content\/uploads\/2021\/05\/LOGO-Pykala-300x300.png 300w, http:\/\/www.oikkariliitto.fi\/wp-content\/uploads\/2021\/05\/LOGO-Pykala-150x150.png 150w, http:\/\/www.oikkariliitto.fi\/wp-content\/uploads\/2021\/05\/LOGO-Pykala-768x769.png 768w, http:\/\/www.oikkariliitto.fi\/wp-content\/uploads\/2021\/05\/LOGO-Pykala-1533x1536.png 1533w, http:\/\/www.oikkariliitto.fi\/wp-content\/uploads\/2021\/05\/LOGO-Pykala-2044x2048.png 2044w\" sizes=\"auto, (max-width: 1022px) 100vw, 1022px\" \/><\/figure>\n<\/div>\n<\/div>\n<\/div><\/div>\n\n\n\n<div class=\"wp-block-group\"><div class=\"wp-block-group__inner-container is-layout-flow wp-block-group-is-layout-flow\">\n<div class=\"wp-block-columns is-layout-flex wp-container-core-columns-is-layout-7 wp-block-columns-is-layout-flex\">\n<div class=\"wp-block-column is-layout-flow wp-block-column-is-layout-flow\" style=\"flex-basis:66.66%\">\n<h3 class=\"wp-block-heading\"><strong>Stadga <\/strong>r.f.<\/h3>\n\n\n\n<p>\u00c4mnesf\u00f6reningen Stadga r.f. grundades 1996 f\u00f6r att gynna och utveckla den juridiska utbildningen vid \u00c5bo Akademi och f\u00f6r att fungera som intresseorganisation f\u00f6r r\u00e4ttsnotariestuderandena vid universitetet. F\u00f6reningen har cirka 200 medlemmar.<\/p>\n\n\n\n<div class=\"wp-block-buttons is-layout-flex wp-block-buttons-is-layout-flex\">\n<div class=\"wp-block-button\"><a class=\"wp-block-button__link\" href=\"http:\/\/stadga.com\">F\u00f6renings hemsida<\/a><\/div>\n<\/div>\n<\/div>\n\n\n\n<div class=\"wp-block-column is-layout-flow wp-block-column-is-layout-flow\" style=\"flex-basis:33.33%\">\n<figure class=\"wp-block-image size-large\"><img loading=\"lazy\" decoding=\"async\" width=\"1000\" height=\"999\" src=\"http:\/\/www.oikkariliitto.fi\/wp-content\/uploads\/2021\/05\/LOGO-Stadga.png\" alt=\"\" class=\"wp-image-25803\" srcset=\"http:\/\/www.oikkariliitto.fi\/wp-content\/uploads\/2021\/05\/LOGO-Stadga.png 1000w, http:\/\/www.oikkariliitto.fi\/wp-content\/uploads\/2021\/05\/LOGO-Stadga-300x300.png 300w, http:\/\/www.oikkariliitto.fi\/wp-content\/uploads\/2021\/05\/LOGO-Stadga-150x150.png 150w, http:\/\/www.oikkariliitto.fi\/wp-content\/uploads\/2021\/05\/LOGO-Stadga-768x767.png 768w\" sizes=\"auto, (max-width: 1000px) 100vw, 1000px\" \/><\/figure>\n<\/div>\n<\/div>\n<\/div><\/div>","protected":false},"excerpt":{"rendered":"<p>Artikla ry Oikeustieteen ylioppilaiden yhdistys Artikla ry on vuonna 1979 perustettu Lapin yliopiston oikeustieteiden tiedekunnassa opiskelevien ainej\u00e4rjest\u00f6. J\u00e4seni\u00e4 vakavaraisella yhdistyksell\u00e4 on noin 1100. Yhdistyksen tarkoituksena on tukea j\u00e4seni\u00e4\u00e4n opiskeluun sek\u00e4 vapaa-ajanviettoon liittyviss\u00e4 asioissa ja ajaa oikeustieteen opiskelijoiden etua niin paikallisella kuin valtakunnallisellakin tasolla. Artikla ry on Suomen lakimiesliiton j\u00e4senj\u00e4rjest\u00f6. Juristklubben Codex ry Juristklubben Codex rf [&hellip;]<\/p>\n","protected":false},"author":1,"featured_media":0,"parent":25594,"menu_order":0,"comment_status":"closed","ping_status":"closed","template":"","meta":{"_uag_custom_page_level_css":"","site-sidebar-layout":"default","site-content-layout":"default","ast-site-content-layout":"default","site-content-style":"default","site-sidebar-style":"default","ast-global-header-display":"","ast-banner-title-visibility":"","ast-main-header-display":"","ast-hfb-above-header-display":"","ast-hfb-below-header-display":"","ast-hfb-mobile-header-display":"","site-post-title":"","ast-breadcrumbs-content":"","ast-featured-img":"","footer-sml-layout":"","ast-disable-related-posts":"","theme-transparent-header-meta":"default","adv-header-id-meta":"","stick-header-meta":"","header-above-stick-meta":"","header-main-stick-meta":"","header-below-stick-meta":"","astra-migrate-meta-layouts":"default","ast-page-background-enabled":"default","ast-page-background-meta":{"desktop":{"background-color":"","background-image":"","background-repeat":"repeat","background-position":"center center","background-size":"auto","background-attachment":"scroll","background-type":"","background-media":"","overlay-type":"","overlay-color":"","overlay-opacity":"","overlay-gradient":""},"tablet":{"background-color":"","background-image":"","background-repeat":"repeat","background-position":"center center","background-size":"auto","background-attachment":"scroll","background-type":"","background-media":"","overlay-type":"","overlay-color":"","overlay-opacity":"","overlay-gradient":""},"mobile":{"background-color":"","background-image":"","background-repeat":"repeat","background-position":"center center","background-size":"auto","background-attachment":"scroll","background-type":"","background-media":"","overlay-type":"","overlay-color":"","overlay-opacity":"","overlay-gradient":""}},"ast-content-background-meta":{"desktop":{"background-color":"var(--ast-global-color-5)","background-image":"","background-repeat":"repeat","background-position":"center center","background-size":"auto","background-attachment":"scroll","background-type":"","background-media":"","overlay-type":"","overlay-color":"","overlay-opacity":"","overlay-gradient":""},"tablet":{"background-color":"var(--ast-global-color-5)","background-image":"","background-repeat":"repeat","background-position":"center center","background-size":"auto","background-attachment":"scroll","background-type":"","background-media":"","overlay-type":"","overlay-color":"","overlay-opacity":"","overlay-gradient":""},"mobile":{"background-color":"var(--ast-global-color-5)","background-image":"","background-repeat":"repeat","background-position":"center center","background-size":"auto","background-attachment":"scroll","background-type":"","background-media":"","overlay-type":"","overlay-color":"","overlay-opacity":"","overlay-gradient":""}},"footnotes":""},"class_list":["post-25742","page","type-page","status-publish","hentry"],"uagb_featured_image_src":{"full":false,"thumbnail":false,"medium":false,"medium_large":false,"large":false,"1536x1536":false,"2048x2048":false,"trp-custom-language-flag":false},"uagb_author_info":{"display_name":"admin","author_link":"http:\/\/www.oikkariliitto.fi\/sv\/author\/admin\/"},"uagb_comment_info":0,"uagb_excerpt":"Artikla ry Oikeustieteen ylioppilaiden yhdistys Artikla ry on vuonna 1979 perustettu Lapin yliopiston oikeustieteiden tiedekunnassa opiskelevien ainej\u00e4rjest\u00f6. J\u00e4seni\u00e4 vakavaraisella yhdistyksell\u00e4 on noin 1100. Yhdistyksen tarkoituksena on tukea j\u00e4seni\u00e4\u00e4n opiskeluun sek\u00e4 vapaa-ajanviettoon liittyviss\u00e4 asioissa ja ajaa oikeustieteen opiskelijoiden etua niin paikallisella kuin valtakunnallisellakin tasolla. Artikla ry on Suomen lakimiesliiton j\u00e4senj\u00e4rjest\u00f6. Juristklubben Codex ry Juristklubben Codex rf&hellip;","_links":{"self":[{"href":"http:\/\/www.oikkariliitto.fi\/sv\/wp-json\/wp\/v2\/pages\/25742","targetHints":{"allow":["GET"]}}],"collection":[{"href":"http:\/\/www.oikkariliitto.fi\/sv\/wp-json\/wp\/v2\/pages"}],"about":[{"href":"http:\/\/www.oikkariliitto.fi\/sv\/wp-json\/wp\/v2\/types\/page"}],"author":[{"embeddable":true,"href":"http:\/\/www.oikkariliitto.fi\/sv\/wp-json\/wp\/v2\/users\/1"}],"replies":[{"embeddable":true,"href":"http:\/\/www.oikkariliitto.fi\/sv\/wp-json\/wp\/v2\/comments?post=25742"}],"version-history":[{"count":14,"href":"http:\/\/www.oikkariliitto.fi\/sv\/wp-json\/wp\/v2\/pages\/25742\/revisions"}],"predecessor-version":[{"id":25826,"href":"http:\/\/www.oikkariliitto.fi\/sv\/wp-json\/wp\/v2\/pages\/25742\/revisions\/25826"}],"up":[{"embeddable":true,"href":"http:\/\/www.oikkariliitto.fi\/sv\/wp-json\/wp\/v2\/pages\/25594"}],"wp:attachment":[{"href":"http:\/\/www.oikkariliitto.fi\/sv\/wp-json\/wp\/v2\/media?parent=25742"}],"curies":[{"name":"wp","href":"https:\/\/api.w.org\/{rel}","templated":true}]}}