{"id":25637,"date":"2020-12-23T18:11:32","date_gmt":"2020-12-23T18:11:32","guid":{"rendered":"http:\/\/www.oikkariliitto.fi\/?page_id=25637"},"modified":"2026-02-17T11:29:01","modified_gmt":"2026-02-17T11:29:01","slug":"hallitus","status":"publish","type":"page","link":"http:\/\/www.oikkariliitto.fi\/sv\/meista\/hallitus\/","title":{"rendered":"Hallitus 2026"},"content":{"rendered":"<section class=\"wp-block-uagb-section uagb-section__wrap uagb-section__background-undefined uagb-block-e5a8b146\"><div class=\"uagb-section__overlay\"><\/div><div class=\"uagb-section__inner-wrap\">\n<div class=\"wp-block-columns is-layout-flex wp-container-core-columns-is-layout-1 wp-block-columns-is-layout-flex\">\n<div class=\"wp-block-column is-layout-flow wp-block-column-is-layout-flow\">\n<div class=\"wp-block-uagb-team uagb-team__image-position-above uagb-team__align-center uagb-team__stack-tablet uagb-block-760279ba\"><div class=\"uagb-team__content\"><img decoding=\"async\" class=\"uagb-team__image-crop-normal\" src=\"http:\/\/www.oikkariliitto.fi\/wp-content\/uploads\/2024\/04\/a448d3e7-dc80-493a-bee0-10e96f2ae35f-150x150.png\" alt=\"\" height=\"120\" width=\"120\" loading=\"lazy\"\/><h3 class=\"uagb-team__title\">Lauri Pesonen<\/h3><span class=\"uagb-team__prefix\">Puheenjohtaja, j\u00e4senyhdistysvastaava<\/span><p class=\"uagb-team__desc\"><a href=\"mailto:puheenjohtaja@oikkariliitto.fi\" data-type=\"mailto\" data-id=\"mailto:puheenjohtaja@oikkariliitto.fi\">puheenjohtaja@oikkariliitto.fi<\/a><\/p><\/div><\/div>\n\n\n\n<div class=\"wp-block-uagb-team uagb-team__image-position-above uagb-team__align-center uagb-team__stack-tablet uagb-block-918f98af\"><div class=\"uagb-team__content\"><img decoding=\"async\" class=\"uagb-team__image-crop-normal\" src=\"http:\/\/www.oikkariliitto.fi\/wp-content\/uploads\/2024\/04\/a448d3e7-dc80-493a-bee0-10e96f2ae35f-150x150.png\" alt=\"\" height=\"120\" width=\"120\" loading=\"lazy\"\/><h3 class=\"uagb-team__title\">Onni Jussila<\/h3><span class=\"uagb-team__prefix\">Sihteeri<\/span><p class=\"uagb-team__desc\"><a href=\"mailto:puheenjohtaja@oikkariliitto.fi\" data-type=\"mailto\" data-id=\"mailto:puheenjohtaja@oikkariliitto.fi\">onni.jussila@oikkariliitto.fi<\/a><\/p><\/div><\/div>\n\n\n\n<div class=\"wp-block-uagb-team uagb-team__image-position-above uagb-team__align-center uagb-team__stack-tablet uagb-block-3e234600\"><div class=\"uagb-team__content\"><img decoding=\"async\" class=\"uagb-team__image-crop-normal\" src=\"http:\/\/www.oikkariliitto.fi\/wp-content\/uploads\/2024\/04\/a448d3e7-dc80-493a-bee0-10e96f2ae35f-150x150.png\" alt=\"\" height=\"120\" width=\"120\" loading=\"lazy\"\/><h3 class=\"uagb-team__title\">Juulia K\u00e4r\u00e4j\u00e4mies<\/h3><span class=\"uagb-team__prefix\">Arbetsliv<\/span><p class=\"uagb-team__desc\"><a href=\"mailto:puheenjohtaja@oikkariliitto.fi\" data-type=\"mailto\" data-id=\"mailto:puheenjohtaja@oikkariliitto.fi\">juulia.karajamies@oikkariliitto.fi<\/a><\/p><\/div><\/div>\n<\/div>\n\n\n\n<div class=\"wp-block-column is-layout-flow wp-block-column-is-layout-flow\">\n<div class=\"wp-block-uagb-team uagb-team__image-position-above uagb-team__align-center uagb-team__stack-tablet uagb-block-302b997e\"><div class=\"uagb-team__content\"><img decoding=\"async\" class=\"uagb-team__image-crop-normal\" src=\"http:\/\/www.oikkariliitto.fi\/wp-content\/uploads\/2024\/04\/0d29ab2a-a492-4a6a-9f00-17c1a3a52fcd-150x150.png\" alt=\"\" height=\"120\" width=\"120\" loading=\"lazy\"\/><h3 class=\"uagb-team__title\">Juunia Honkanen<\/h3><span class=\"uagb-team__prefix\">Varapuheenjohtaja, j\u00e4senyhdistysvastaava<\/span><p class=\"uagb-team__desc\"><a href=\"mailto:juunia.honkanen@oikkariliitto.fi\">juunia.honkanen@oikkariliitto.fi<\/a><\/p><\/div><\/div>\n\n\n\n<div class=\"wp-block-uagb-team uagb-team__image-position-above uagb-team__align-center uagb-team__stack-tablet uagb-block-c92f5cef\"><div class=\"uagb-team__content\"><img decoding=\"async\" class=\"uagb-team__image-crop-normal\" src=\"http:\/\/www.oikkariliitto.fi\/wp-content\/uploads\/2024\/04\/0d29ab2a-a492-4a6a-9f00-17c1a3a52fcd-150x150.png\" alt=\"\" height=\"120\" width=\"120\" loading=\"lazy\"\/><h3 class=\"uagb-team__title\">Katariina Pet\u00e4j\u00e4niemi<\/h3><span class=\"uagb-team__prefix\">Utbildningspolitik<\/span><p class=\"uagb-team__desc\"><a href=\"mailto:juunia.honkanen@oikkariliitto.fi\">katariina.petajaniemi@oikkariliitto.fi<\/a><\/p><\/div><\/div>\n\n\n\n<div class=\"wp-block-uagb-team uagb-team__image-position-above uagb-team__align-center uagb-team__stack-tablet uagb-block-936a9d3e\"><div class=\"uagb-team__content\"><img decoding=\"async\" class=\"uagb-team__image-crop-normal\" src=\"http:\/\/www.oikkariliitto.fi\/wp-content\/uploads\/2024\/04\/0d29ab2a-a492-4a6a-9f00-17c1a3a52fcd-150x150.png\" alt=\"\" height=\"120\" width=\"120\" loading=\"lazy\"\/><h3 class=\"uagb-team__title\">Ebbe Finne<\/h3><span class=\"uagb-team__prefix\">Talousvastaava<\/span><p class=\"uagb-team__desc\"><a href=\"mailto:juunia.honkanen@oikkariliitto.fi\">ebbe.finne@oikkariliitto.fi<\/a><\/p><\/div><\/div>\n<\/div>\n\n\n\n<div class=\"wp-block-column is-layout-flow wp-block-column-is-layout-flow\">\n<div class=\"wp-block-uagb-team uagb-team__image-position-above uagb-team__align-center uagb-team__stack-tablet uagb-block-b3453258\"><div class=\"uagb-team__content\"><img decoding=\"async\" class=\"uagb-team__image-crop-normal\" src=\"http:\/\/www.oikkariliitto.fi\/wp-content\/uploads\/2024\/04\/image1-\u2013-Redigerad-150x150.png\" alt=\"\" height=\"120\" width=\"120\" loading=\"lazy\"\/><h3 class=\"uagb-team__title\">Tuuli Pitk\u00e4nen<\/h3><span class=\"uagb-team__prefix\">Utbildningspolitik<\/span><p class=\"uagb-team__desc\"><a href=\"mailto:tuuli.pitkanen@oikkariliitto.fi\">tuuli.pitkanen@oikkariliitto.fi<\/a><br><\/p><\/div><\/div>\n\n\n\n<div class=\"wp-block-uagb-team uagb-team__image-position-above uagb-team__align-center uagb-team__stack-tablet uagb-block-2a3eccee\"><div class=\"uagb-team__content\"><img decoding=\"async\" class=\"uagb-team__image-crop-normal\" src=\"http:\/\/www.oikkariliitto.fi\/wp-content\/uploads\/2024\/04\/image1-\u2013-Redigerad-150x150.png\" alt=\"\" height=\"120\" width=\"120\" loading=\"lazy\"\/><h3 class=\"uagb-team__title\">Aku Haikala<\/h3><span class=\"uagb-team__prefix\">Tapahtuma- ja kouluttamisvastaava<\/span><p class=\"uagb-team__desc\"><a href=\"mailto:tuuli.pitkanen@oikkariliitto.fi\">aku.haikala@oikkariliitto.fi<\/a><br><\/p><\/div><\/div>\n<\/div>\n<\/div>\n<\/div><\/section>\n\n\n\n<section class=\"wp-block-uagb-section uagb-section__wrap uagb-section__background-undefined uagb-block-e3392030\"><div class=\"uagb-section__overlay\"><\/div><div class=\"uagb-section__inner-wrap\">\n<div class=\"wp-block-columns is-layout-flex wp-container-core-columns-is-layout-2 wp-block-columns-is-layout-flex\"><\/div>\n<\/div><\/section>\n\n\n\n<section class=\"wp-block-uagb-section uagb-section__wrap uagb-section__background-undefined uagb-block-ea6d2a7c\"><div class=\"uagb-section__overlay\"><\/div><div class=\"uagb-section__inner-wrap\">\n<div class=\"wp-block-columns is-layout-flex wp-container-core-columns-is-layout-3 wp-block-columns-is-layout-flex\">\n<div class=\"wp-block-column is-layout-flow wp-block-column-is-layout-flow\"><\/div>\n\n\n\n<div class=\"wp-block-column is-layout-flow wp-block-column-is-layout-flow\"><\/div>\n\n\n\n<div class=\"wp-block-column is-layout-flow wp-block-column-is-layout-flow\"><\/div>\n<\/div>\n<\/div><\/section>\n\n\n\n<section class=\"wp-block-uagb-section uagb-section__wrap uagb-section__background-undefined uagb-block-41e5dadd\"><div class=\"uagb-section__overlay\"><\/div><div class=\"uagb-section__inner-wrap\">\n<div class=\"wp-block-columns is-layout-flex wp-container-core-columns-is-layout-4 wp-block-columns-is-layout-flex\">\n<div class=\"wp-block-column is-layout-flow wp-block-column-is-layout-flow\"><\/div>\n\n\n\n<div class=\"wp-block-column is-layout-flow wp-block-column-is-layout-flow\"><\/div>\n\n\n\n<div class=\"wp-block-column is-layout-flow wp-block-column-is-layout-flow\"><\/div>\n<\/div>\n<\/div><\/section>","protected":false},"excerpt":{"rendered":"","protected":false},"author":1,"featured_media":0,"parent":25594,"menu_order":1,"comment_status":"closed","ping_status":"closed","template":"","meta":{"_uag_custom_page_level_css":"","site-sidebar-layout":"default","site-content-layout":"default","ast-site-content-layout":"default","site-content-style":"default","site-sidebar-style":"default","ast-global-header-display":"","ast-banner-title-visibility":"","ast-main-header-display":"","ast-hfb-above-header-display":"","ast-hfb-below-header-display":"","ast-hfb-mobile-header-display":"","site-post-title":"","ast-breadcrumbs-content":"","ast-featured-img":"","footer-sml-layout":"","ast-disable-related-posts":"","theme-transparent-header-meta":"default","adv-header-id-meta":"","stick-header-meta":"","header-above-stick-meta":"","header-main-stick-meta":"","header-below-stick-meta":"","astra-migrate-meta-layouts":"set","ast-page-background-enabled":"default","ast-page-background-meta":{"desktop":{"background-color":"","background-image":"","background-repeat":"repeat","background-position":"center center","background-size":"auto","background-attachment":"scroll","background-type":"","background-media":"","overlay-type":"","overlay-color":"","overlay-opacity":"","overlay-gradient":""},"tablet":{"background-color":"","background-image":"","background-repeat":"repeat","background-position":"center center","background-size":"auto","background-attachment":"scroll","background-type":"","background-media":"","overlay-type":"","overlay-color":"","overlay-opacity":"","overlay-gradient":""},"mobile":{"background-color":"","background-image":"","background-repeat":"repeat","background-position":"center center","background-size":"auto","background-attachment":"scroll","background-type":"","background-media":"","overlay-type":"","overlay-color":"","overlay-opacity":"","overlay-gradient":""}},"ast-content-background-meta":{"desktop":{"background-color":"var(--ast-global-color-5)","background-image":"","background-repeat":"repeat","background-position":"center center","background-size":"auto","background-attachment":"scroll","background-type":"","background-media":"","overlay-type":"","overlay-color":"","overlay-opacity":"","overlay-gradient":""},"tablet":{"background-color":"var(--ast-global-color-5)","background-image":"","background-repeat":"repeat","background-position":"center center","background-size":"auto","background-attachment":"scroll","background-type":"","background-media":"","overlay-type":"","overlay-color":"","overlay-opacity":"","overlay-gradient":""},"mobile":{"background-color":"var(--ast-global-color-5)","background-image":"","background-repeat":"repeat","background-position":"center center","background-size":"auto","background-attachment":"scroll","background-type":"","background-media":"","overlay-type":"","overlay-color":"","overlay-opacity":"","overlay-gradient":""}},"footnotes":""},"class_list":["post-25637","page","type-page","status-publish","hentry"],"uagb_featured_image_src":{"full":false,"thumbnail":false,"medium":false,"medium_large":false,"large":false,"1536x1536":false,"2048x2048":false,"trp-custom-language-flag":false},"uagb_author_info":{"display_name":"admin","author_link":"http:\/\/www.oikkariliitto.fi\/sv\/author\/admin\/"},"uagb_comment_info":0,"uagb_excerpt":null,"_links":{"self":[{"href":"http:\/\/www.oikkariliitto.fi\/sv\/wp-json\/wp\/v2\/pages\/25637","targetHints":{"allow":["GET"]}}],"collection":[{"href":"http:\/\/www.oikkariliitto.fi\/sv\/wp-json\/wp\/v2\/pages"}],"about":[{"href":"http:\/\/www.oikkariliitto.fi\/sv\/wp-json\/wp\/v2\/types\/page"}],"author":[{"embeddable":true,"href":"http:\/\/www.oikkariliitto.fi\/sv\/wp-json\/wp\/v2\/users\/1"}],"replies":[{"embeddable":true,"href":"http:\/\/www.oikkariliitto.fi\/sv\/wp-json\/wp\/v2\/comments?post=25637"}],"version-history":[{"count":21,"href":"http:\/\/www.oikkariliitto.fi\/sv\/wp-json\/wp\/v2\/pages\/25637\/revisions"}],"predecessor-version":[{"id":26059,"href":"http:\/\/www.oikkariliitto.fi\/sv\/wp-json\/wp\/v2\/pages\/25637\/revisions\/26059"}],"up":[{"embeddable":true,"href":"http:\/\/www.oikkariliitto.fi\/sv\/wp-json\/wp\/v2\/pages\/25594"}],"wp:attachment":[{"href":"http:\/\/www.oikkariliitto.fi\/sv\/wp-json\/wp\/v2\/media?parent=25637"}],"curies":[{"name":"wp","href":"https:\/\/api.w.org\/{rel}","templated":true}]}}