{"id":25631,"date":"2020-12-23T18:02:05","date_gmt":"2020-12-23T18:02:05","guid":{"rendered":"http:\/\/www.oikkariliitto.fi\/?page_id=25631"},"modified":"2021-05-30T17:19:44","modified_gmt":"2021-05-30T17:19:44","slug":"oikkarit","status":"publish","type":"page","link":"http:\/\/www.oikkariliitto.fi\/sv\/oikkarit\/","title":{"rendered":"Oikkarit"},"content":{"rendered":"<div class=\"wp-block-columns is-layout-flex wp-container-core-columns-is-layout-1 wp-block-columns-is-layout-flex\">\n<div class=\"wp-block-column is-layout-flow wp-block-column-is-layout-flow\" style=\"flex-basis:66.66%\">\n<p>Mera inneh\u00e5ll p\u00e5 kommande!<\/p>\n<\/div>\n\n\n\n<div class=\"wp-block-column is-layout-flow wp-block-column-is-layout-flow\" style=\"flex-basis:33.33%\"><p>\n<!-- Page-list plugin v.5.9 wordpress.org\/plugins\/page-list\/ -->\n<!-- no pages to show --> <!---valikko, \u00e4l\u00e4 poista!--><\/p>\n<\/div>\n<\/div>\n\n\n\n<div style=\"height:100px\" aria-hidden=\"true\" class=\"wp-block-spacer\"><\/div>\n\n\n\n<figure class=\"wp-block-image size-large\"><img loading=\"lazy\" decoding=\"async\" width=\"1024\" height=\"683\" src=\"http:\/\/www.oikkariliitto.fi\/wp-content\/uploads\/2021\/05\/mikael-kristenson-3aVlWP-7bg8-unsplash-1024x683.jpg\" alt=\"\" class=\"wp-image-25759\" srcset=\"http:\/\/www.oikkariliitto.fi\/wp-content\/uploads\/2021\/05\/mikael-kristenson-3aVlWP-7bg8-unsplash-1024x683.jpg 1024w, http:\/\/www.oikkariliitto.fi\/wp-content\/uploads\/2021\/05\/mikael-kristenson-3aVlWP-7bg8-unsplash-300x200.jpg 300w, http:\/\/www.oikkariliitto.fi\/wp-content\/uploads\/2021\/05\/mikael-kristenson-3aVlWP-7bg8-unsplash-768x512.jpg 768w, http:\/\/www.oikkariliitto.fi\/wp-content\/uploads\/2021\/05\/mikael-kristenson-3aVlWP-7bg8-unsplash-1536x1024.jpg 1536w, http:\/\/www.oikkariliitto.fi\/wp-content\/uploads\/2021\/05\/mikael-kristenson-3aVlWP-7bg8-unsplash-2048x1366.jpg 2048w\" sizes=\"auto, (max-width: 1024px) 100vw, 1024px\" \/><\/figure>","protected":false},"excerpt":{"rendered":"<p>Mera inneh\u00e5ll p\u00e5 kommande!<\/p>","protected":false},"author":1,"featured_media":0,"parent":0,"menu_order":0,"comment_status":"closed","ping_status":"closed","template":"","meta":{"_uag_custom_page_level_css":"","site-sidebar-layout":"default","site-content-layout":"default","ast-site-content-layout":"default","site-content-style":"default","site-sidebar-style":"default","ast-global-header-display":"","ast-banner-title-visibility":"","ast-main-header-display":"","ast-hfb-above-header-display":"","ast-hfb-below-header-display":"","ast-hfb-mobile-header-display":"","site-post-title":"","ast-breadcrumbs-content":"","ast-featured-img":"","footer-sml-layout":"","ast-disable-related-posts":"","theme-transparent-header-meta":"default","adv-header-id-meta":"","stick-header-meta":"","header-above-stick-meta":"","header-main-stick-meta":"","header-below-stick-meta":"","astra-migrate-meta-layouts":"default","ast-page-background-enabled":"default","ast-page-background-meta":{"desktop":{"background-color":"","background-image":"","background-repeat":"repeat","background-position":"center center","background-size":"auto","background-attachment":"scroll","background-type":"","background-media":"","overlay-type":"","overlay-color":"","overlay-opacity":"","overlay-gradient":""},"tablet":{"background-color":"","background-image":"","background-repeat":"repeat","background-position":"center center","background-size":"auto","background-attachment":"scroll","background-type":"","background-media":"","overlay-type":"","overlay-color":"","overlay-opacity":"","overlay-gradient":""},"mobile":{"background-color":"","background-image":"","background-repeat":"repeat","background-position":"center center","background-size":"auto","background-attachment":"scroll","background-type":"","background-media":"","overlay-type":"","overlay-color":"","overlay-opacity":"","overlay-gradient":""}},"ast-content-background-meta":{"desktop":{"background-color":"var(--ast-global-color-5)","background-image":"","background-repeat":"repeat","background-position":"center center","background-size":"auto","background-attachment":"scroll","background-type":"","background-media":"","overlay-type":"","overlay-color":"","overlay-opacity":"","overlay-gradient":""},"tablet":{"background-color":"var(--ast-global-color-5)","background-image":"","background-repeat":"repeat","background-position":"center center","background-size":"auto","background-attachment":"scroll","background-type":"","background-media":"","overlay-type":"","overlay-color":"","overlay-opacity":"","overlay-gradient":""},"mobile":{"background-color":"var(--ast-global-color-5)","background-image":"","background-repeat":"repeat","background-position":"center center","background-size":"auto","background-attachment":"scroll","background-type":"","background-media":"","overlay-type":"","overlay-color":"","overlay-opacity":"","overlay-gradient":""}},"footnotes":""},"class_list":["post-25631","page","type-page","status-publish","hentry"],"uagb_featured_image_src":{"full":false,"thumbnail":false,"medium":false,"medium_large":false,"large":false,"1536x1536":false,"2048x2048":false,"trp-custom-language-flag":false},"uagb_author_info":{"display_name":"admin","author_link":"http:\/\/www.oikkariliitto.fi\/sv\/author\/admin\/"},"uagb_comment_info":0,"uagb_excerpt":"T\u00e4nne tulee pian lis\u00e4\u00e4 sis\u00e4lt\u00f6\u00e4!","_links":{"self":[{"href":"http:\/\/www.oikkariliitto.fi\/sv\/wp-json\/wp\/v2\/pages\/25631","targetHints":{"allow":["GET"]}}],"collection":[{"href":"http:\/\/www.oikkariliitto.fi\/sv\/wp-json\/wp\/v2\/pages"}],"about":[{"href":"http:\/\/www.oikkariliitto.fi\/sv\/wp-json\/wp\/v2\/types\/page"}],"author":[{"embeddable":true,"href":"http:\/\/www.oikkariliitto.fi\/sv\/wp-json\/wp\/v2\/users\/1"}],"replies":[{"embeddable":true,"href":"http:\/\/www.oikkariliitto.fi\/sv\/wp-json\/wp\/v2\/comments?post=25631"}],"version-history":[{"count":3,"href":"http:\/\/www.oikkariliitto.fi\/sv\/wp-json\/wp\/v2\/pages\/25631\/revisions"}],"predecessor-version":[{"id":25760,"href":"http:\/\/www.oikkariliitto.fi\/sv\/wp-json\/wp\/v2\/pages\/25631\/revisions\/25760"}],"wp:attachment":[{"href":"http:\/\/www.oikkariliitto.fi\/sv\/wp-json\/wp\/v2\/media?parent=25631"}],"curies":[{"name":"wp","href":"https:\/\/api.w.org\/{rel}","templated":true}]}}