{"id":25629,"date":"2020-12-23T18:01:43","date_gmt":"2020-12-23T18:01:43","guid":{"rendered":"http:\/\/www.oikkariliitto.fi\/?page_id=25629"},"modified":"2023-08-17T13:05:58","modified_gmt":"2023-08-17T13:05:58","slug":"vaikuttaminen","status":"publish","type":"page","link":"http:\/\/www.oikkariliitto.fi\/sv\/vaikuttaminen\/","title":{"rendered":"P\u00e5verkan"},"content":{"rendered":"<div class=\"wp-block-columns is-layout-flex wp-container-core-columns-is-layout-1 wp-block-columns-is-layout-flex\">\n<div class=\"wp-block-column is-layout-flow wp-block-column-is-layout-flow\" style=\"flex-basis:66.66%\">\n<p>F\u00f6rbundets m\u00e5l \u00e4r att fr\u00e4mja och samordna den r\u00e4ttsvetenskapliga utbildningens intressebevakning, samt att fr\u00e4mja juridikstuderandes gemensamma intressen. JSF, eller juris studenters f\u00f6rbund fungerar som ett logiskt och fungerande till\u00e4gg till den juridiska utbildningens intressebevakning. De utmaningar som juridikstuderande m\u00f6ter i sina studier \u00e4r till stor del gemensamma och oberoende av studieort. Utbildningsresurser, digitala l\u00f6sningar och den \u00f6kade studieb\u00f6rdan \u00e4r bara n\u00e5gra exempel p\u00e5 \u00e4mnen som ber\u00f6r alla juridikstuderande. JSF vill ta itu med dessa \u00e4mnen.<\/p>\n\n\n\n<p>JSF ser sin roll som en initiativtagare till diskussion, som en framh\u00e4vare av \u00e4mnen som ber\u00f6r juridikstuderande och som en r\u00f6st f\u00f6r dessa studerande. I samarbete med \u00e4mnesf\u00f6reningarna, fakulteterna och institutionerna samt med Juristf\u00f6rbundet och andra akt\u00f6r inom den juridiska branschen deltar JSF att utveckla den juridiska utbildningen med fokus p\u00e5 studerande.<\/p>\n<\/div>\n\n\n\n<div class=\"wp-block-column is-layout-flow wp-block-column-is-layout-flow\" style=\"flex-basis:33.33%\"><p>\n<!-- Page-list plugin v.5.9 wordpress.org\/plugins\/page-list\/ -->\n<ul class=\"page-list subpages-page-list\">\n<li class=\"page_item page-item-25749 menu-item\"><a href=\"http:\/\/www.oikkariliitto.fi\/sv\/vaikuttaminen\/tavoiteohjelma\/\" class=\"menu-link\">M\u00e5lprogram<\/a><\/li>\n\n<\/ul> <!-valikko, \u00e4l\u00e4 poista!><\/p>\n<\/div>\n<\/div>\n\n\n\n<div class=\"wp-block-buttons is-layout-flex wp-block-buttons-is-layout-flex\">\n<div class=\"wp-block-button is-style-fill\"><a class=\"wp-block-button__link wp-element-button\" href=\"https:\/\/www.oikkariliitto.fi\/sv\/vaikuttaminen\/tavoiteohjelma\/\">Bekanta dig med v\u00e5rt m\u00e5lprogram!<\/a><\/div>\n<\/div>\n\n\n\n<div style=\"height:100px\" aria-hidden=\"true\" class=\"wp-block-spacer\"><\/div>\n\n\n\n<h3 class=\"wp-block-heading\">V\u00e5ra senaste artiklar<\/h3>\n\n\n\n\t\t\t<div class=\"wp-block-uagb-post-grid uagb-post-grid  uagb-post__image-position-top uagb-post__image-enabled uagb-block-a8764431     uagb-post__items uagb-post__columns-3 is-grid uagb-post__columns-tablet-2 uagb-post__columns-mobile-1 uagb-post__equal-height\" data-total=\"3\" style=\"\">\n\n\t\t\t\t\t\t\t\t\t\t\t\t<article class=\"uagb-post__inner-wrap\">\t\t\t\t\t\t\t\t<h4 class=\"uagb-post__title uagb-post__text\">\n\t\t\t\t<a href=\"http:\/\/www.oikkariliitto.fi\/sv\/2026\/01\/25\/ool-2026-esittaytyy\/\" target=\"_self\" rel=\"bookmark noopener noreferrer\">OOL 2026 esitt\u00e4ytyy<\/a>\n\t\t\t<\/h4>\n\t\t\t\t\t\t<div class='uagb-post__text uagb-post-grid-byline'>\n\t\t\t\t\t\t\t\t<time datetime=\"2026-01-25T12:56:37+00:00\" class=\"uagb-post__date\">\n\t\t\t\t<span class=\"dashicons-calendar dashicons\"><\/span>\t\t\t\t\t25.1.2026\t\t\t\t<\/time>\n\t\t\t\t\t\t\t<span class=\"uagb-post__comment\">\n\t\t\t\t<span class=\"dashicons-admin-comments dashicons\"><\/span>\t\t\t\t\tInga kommentarer\t\t\t\t<\/span>\n\t\t\t\t\t\t<\/div>\n\t\t\t\n\t\t\t\t\t\t\t\t\t<\/article>\n\t\t\t\t\t\t\t\t\t\t\t\t\t\t\t\t<article class=\"uagb-post__inner-wrap\">\t\t\t\t\t\t\t\t<h4 class=\"uagb-post__title uagb-post__text\">\n\t\t\t\t<a href=\"http:\/\/www.oikkariliitto.fi\/sv\/2025\/09\/22\/ool-aloituspaikat-varoitus\/\" target=\"_self\" rel=\"bookmark noopener noreferrer\">OOL varoittaa sis\u00e4\u00e4nottopaikkojen kasvattamisesta: ty\u00f6markkinat, alan ep\u00e4varma tulevaisuus ja opetuksen laatu\u00a0\u00a0<\/a>\n\t\t\t<\/h4>\n\t\t\t\t\t\t<div class='uagb-post__text uagb-post-grid-byline'>\n\t\t\t\t\t\t\t\t<time datetime=\"2025-09-22T08:53:41+00:00\" class=\"uagb-post__date\">\n\t\t\t\t<span class=\"dashicons-calendar dashicons\"><\/span>\t\t\t\t\t22.9.2025\t\t\t\t<\/time>\n\t\t\t\t\t\t\t<span class=\"uagb-post__comment\">\n\t\t\t\t<span class=\"dashicons-admin-comments dashicons\"><\/span>\t\t\t\t\tInga kommentarer\t\t\t\t<\/span>\n\t\t\t\t\t\t<\/div>\n\t\t\t\n\t\t\t\t\t\t\t\t\t<\/article>\n\t\t\t\t\t\t\t\t\t\t\t\t\t\t\t\t<article class=\"uagb-post__inner-wrap\">\t\t\t\t\t\t\t\t<h4 class=\"uagb-post__title uagb-post__text\">\n\t\t\t\t<a href=\"http:\/\/www.oikkariliitto.fi\/sv\/2024\/10\/29\/arvostettu-tutkinto-vai-kirjekurssi\/\" target=\"_self\" rel=\"bookmark noopener noreferrer\">En v\u00e4rderad examen eller en korrespondenskurs?<\/a>\n\t\t\t<\/h4>\n\t\t\t\t\t\t<div class='uagb-post__text uagb-post-grid-byline'>\n\t\t\t\t\t\t\t\t<time datetime=\"2024-10-29T06:47:40+00:00\" class=\"uagb-post__date\">\n\t\t\t\t<span class=\"dashicons-calendar dashicons\"><\/span>\t\t\t\t\t29.10.2024\t\t\t\t<\/time>\n\t\t\t\t\t\t\t<span class=\"uagb-post__comment\">\n\t\t\t\t<span class=\"dashicons-admin-comments dashicons\"><\/span>\t\t\t\t\tInga kommentarer\t\t\t\t<\/span>\n\t\t\t\t\t\t<\/div>\n\t\t\t\n\t\t\t\t\t\t\t\t\t<\/article>\n\t\t\t\t\t\t\t\t\t\t\t\t\t\t\t\t<article class=\"uagb-post__inner-wrap\">\t\t\t\t\t\t\t\t<h4 class=\"uagb-post__title uagb-post__text\">\n\t\t\t\t<a href=\"http:\/\/www.oikkariliitto.fi\/sv\/2023\/12\/20\/26007\/\" target=\"_self\" rel=\"bookmark noopener noreferrer\">OOL Kannanotto<\/a>\n\t\t\t<\/h4>\n\t\t\t\t\t\t<div class='uagb-post__text uagb-post-grid-byline'>\n\t\t\t\t\t\t\t\t<time datetime=\"2023-12-20T09:17:50+00:00\" class=\"uagb-post__date\">\n\t\t\t\t<span class=\"dashicons-calendar dashicons\"><\/span>\t\t\t\t\t20.12.2023\t\t\t\t<\/time>\n\t\t\t\t\t\t\t<span class=\"uagb-post__comment\">\n\t\t\t\t<span class=\"dashicons-admin-comments dashicons\"><\/span>\t\t\t\t\tInga kommentarer\t\t\t\t<\/span>\n\t\t\t\t\t\t<\/div>\n\t\t\t\n\t\t\t\t\t\t\t\t\t<\/article>\n\t\t\t\t\t\t\t\t\t\t\t\t\t\t\t\t<article class=\"uagb-post__inner-wrap\">\t\t\t\t\t\t\t\t<h4 class=\"uagb-post__title uagb-post__text\">\n\t\t\t\t<a href=\"http:\/\/www.oikkariliitto.fi\/sv\/2023\/08\/07\/tiedote-meddelande\/\" target=\"_self\" rel=\"bookmark noopener noreferrer\">Tiedote &#8211; Meddelande<\/a>\n\t\t\t<\/h4>\n\t\t\t\t\t\t<div class='uagb-post__text uagb-post-grid-byline'>\n\t\t\t\t\t\t\t\t<time datetime=\"2023-08-07T12:16:12+00:00\" class=\"uagb-post__date\">\n\t\t\t\t<span class=\"dashicons-calendar dashicons\"><\/span>\t\t\t\t\t7.8.2023\t\t\t\t<\/time>\n\t\t\t\t\t\t\t<span class=\"uagb-post__comment\">\n\t\t\t\t<span class=\"dashicons-admin-comments dashicons\"><\/span>\t\t\t\t\tInga kommentarer\t\t\t\t<\/span>\n\t\t\t\t\t\t<\/div>\n\t\t\t\n\t\t\t\t\t\t\t\t\t<\/article>\n\t\t\t\t\t\t\t\t\t\t\t\t\t\t\t\t<article class=\"uagb-post__inner-wrap\">\t\t\t\t\t\t\t\t<h4 class=\"uagb-post__title uagb-post__text\">\n\t\t\t\t<a href=\"http:\/\/www.oikkariliitto.fi\/sv\/2023\/04\/17\/ool-kannanotto\/\" target=\"_self\" rel=\"bookmark noopener noreferrer\">OOL Kannanotto<\/a>\n\t\t\t<\/h4>\n\t\t\t\t\t\t<div class='uagb-post__text uagb-post-grid-byline'>\n\t\t\t\t\t\t\t\t<time datetime=\"2023-04-17T13:42:56+00:00\" class=\"uagb-post__date\">\n\t\t\t\t<span class=\"dashicons-calendar dashicons\"><\/span>\t\t\t\t\t17.4.2023\t\t\t\t<\/time>\n\t\t\t\t\t\t\t<span class=\"uagb-post__comment\">\n\t\t\t\t<span class=\"dashicons-admin-comments dashicons\"><\/span>\t\t\t\t\tInga kommentarer\t\t\t\t<\/span>\n\t\t\t\t\t\t<\/div>\n\t\t\t\n\t\t\t\t\t\t\t\t\t<\/article>\n\t\t\t\t\t\t\t\t\t\t\t<\/div>\n\t\t\t\n\n\n<figure class=\"wp-block-image size-large\"><img loading=\"lazy\" decoding=\"async\" width=\"1024\" height=\"683\" src=\"http:\/\/www.oikkariliitto.fi\/wp-content\/uploads\/2021\/05\/tingey-injury-law-firm-DZpc4UY8ZtY-unsplash-1024x683.jpg\" alt=\"\" class=\"wp-image-25756\" srcset=\"http:\/\/www.oikkariliitto.fi\/wp-content\/uploads\/2021\/05\/tingey-injury-law-firm-DZpc4UY8ZtY-unsplash-1024x683.jpg 1024w, http:\/\/www.oikkariliitto.fi\/wp-content\/uploads\/2021\/05\/tingey-injury-law-firm-DZpc4UY8ZtY-unsplash-300x200.jpg 300w, http:\/\/www.oikkariliitto.fi\/wp-content\/uploads\/2021\/05\/tingey-injury-law-firm-DZpc4UY8ZtY-unsplash-768x512.jpg 768w, http:\/\/www.oikkariliitto.fi\/wp-content\/uploads\/2021\/05\/tingey-injury-law-firm-DZpc4UY8ZtY-unsplash-1536x1024.jpg 1536w, http:\/\/www.oikkariliitto.fi\/wp-content\/uploads\/2021\/05\/tingey-injury-law-firm-DZpc4UY8ZtY-unsplash-2048x1365.jpg 2048w\" sizes=\"auto, (max-width: 1024px) 100vw, 1024px\" \/><\/figure>","protected":false},"excerpt":{"rendered":"<p>Liiton tavoitteena on oikeustieteen opintoja koskevan edunvalvonnan edist\u00e4minen ja koordinoiminen, sek\u00e4 oikeustieteen opiskelijoiden yhteisten asioiden edist\u00e4minen. OOL, tai tuttavallisemmin Oikkariliitto, tuo loogisen ja toimivan lis\u00e4n oikeustieteen koulutusalan edunvalvontaan. Oikeustieteen opiskelijoiden opinnoissaan kohtaamat haasteet ovat suurilta osin yhteisi\u00e4 opiskelupaikkakunnasta riippumatta. Opetusresurssit, digitaaliset ratkaisut ja opintojen kuormittavuus ovat vain joitakin esimerkkej\u00e4 kaikkia oikkareita puhuttavista aiheista. N\u00e4ihin OOL [&hellip;]<\/p>\n","protected":false},"author":1,"featured_media":0,"parent":0,"menu_order":0,"comment_status":"closed","ping_status":"closed","template":"","meta":{"_uag_custom_page_level_css":"","site-sidebar-layout":"default","site-content-layout":"default","ast-site-content-layout":"default","site-content-style":"default","site-sidebar-style":"default","ast-global-header-display":"","ast-banner-title-visibility":"","ast-main-header-display":"","ast-hfb-above-header-display":"","ast-hfb-below-header-display":"","ast-hfb-mobile-header-display":"","site-post-title":"","ast-breadcrumbs-content":"","ast-featured-img":"","footer-sml-layout":"","ast-disable-related-posts":"","theme-transparent-header-meta":"default","adv-header-id-meta":"","stick-header-meta":"","header-above-stick-meta":"","header-main-stick-meta":"","header-below-stick-meta":"","astra-migrate-meta-layouts":"set","ast-page-background-enabled":"default","ast-page-background-meta":{"desktop":{"background-color":"","background-image":"","background-repeat":"repeat","background-position":"center center","background-size":"auto","background-attachment":"scroll","background-type":"","background-media":"","overlay-type":"","overlay-color":"","overlay-opacity":"","overlay-gradient":""},"tablet":{"background-color":"","background-image":"","background-repeat":"repeat","background-position":"center center","background-size":"auto","background-attachment":"scroll","background-type":"","background-media":"","overlay-type":"","overlay-color":"","overlay-opacity":"","overlay-gradient":""},"mobile":{"background-color":"","background-image":"","background-repeat":"repeat","background-position":"center center","background-size":"auto","background-attachment":"scroll","background-type":"","background-media":"","overlay-type":"","overlay-color":"","overlay-opacity":"","overlay-gradient":""}},"ast-content-background-meta":{"desktop":{"background-color":"var(--ast-global-color-5)","background-image":"","background-repeat":"repeat","background-position":"center center","background-size":"auto","background-attachment":"scroll","background-type":"","background-media":"","overlay-type":"","overlay-color":"","overlay-opacity":"","overlay-gradient":""},"tablet":{"background-color":"var(--ast-global-color-5)","background-image":"","background-repeat":"repeat","background-position":"center center","background-size":"auto","background-attachment":"scroll","background-type":"","background-media":"","overlay-type":"","overlay-color":"","overlay-opacity":"","overlay-gradient":""},"mobile":{"background-color":"var(--ast-global-color-5)","background-image":"","background-repeat":"repeat","background-position":"center center","background-size":"auto","background-attachment":"scroll","background-type":"","background-media":"","overlay-type":"","overlay-color":"","overlay-opacity":"","overlay-gradient":""}},"footnotes":""},"class_list":["post-25629","page","type-page","status-publish","hentry"],"uagb_featured_image_src":{"full":false,"thumbnail":false,"medium":false,"medium_large":false,"large":false,"1536x1536":false,"2048x2048":false,"trp-custom-language-flag":false},"uagb_author_info":{"display_name":"admin","author_link":"http:\/\/www.oikkariliitto.fi\/sv\/author\/admin\/"},"uagb_comment_info":0,"uagb_excerpt":"Liiton tavoitteena on oikeustieteen opintoja koskevan edunvalvonnan edist\u00e4minen ja koordinoiminen, sek\u00e4 oikeustieteen opiskelijoiden yhteisten asioiden edist\u00e4minen. OOL, tai tuttavallisemmin Oikkariliitto, tuo loogisen ja toimivan lis\u00e4n oikeustieteen koulutusalan edunvalvontaan. Oikeustieteen opiskelijoiden opinnoissaan kohtaamat haasteet ovat suurilta osin yhteisi\u00e4 opiskelupaikkakunnasta riippumatta. Opetusresurssit, digitaaliset ratkaisut ja opintojen kuormittavuus ovat vain joitakin esimerkkej\u00e4 kaikkia oikkareita puhuttavista aiheista. N\u00e4ihin OOL&hellip;","_links":{"self":[{"href":"http:\/\/www.oikkariliitto.fi\/sv\/wp-json\/wp\/v2\/pages\/25629","targetHints":{"allow":["GET"]}}],"collection":[{"href":"http:\/\/www.oikkariliitto.fi\/sv\/wp-json\/wp\/v2\/pages"}],"about":[{"href":"http:\/\/www.oikkariliitto.fi\/sv\/wp-json\/wp\/v2\/types\/page"}],"author":[{"embeddable":true,"href":"http:\/\/www.oikkariliitto.fi\/sv\/wp-json\/wp\/v2\/users\/1"}],"replies":[{"embeddable":true,"href":"http:\/\/www.oikkariliitto.fi\/sv\/wp-json\/wp\/v2\/comments?post=25629"}],"version-history":[{"count":8,"href":"http:\/\/www.oikkariliitto.fi\/sv\/wp-json\/wp\/v2\/pages\/25629\/revisions"}],"predecessor-version":[{"id":26002,"href":"http:\/\/www.oikkariliitto.fi\/sv\/wp-json\/wp\/v2\/pages\/25629\/revisions\/26002"}],"wp:attachment":[{"href":"http:\/\/www.oikkariliitto.fi\/sv\/wp-json\/wp\/v2\/media?parent=25629"}],"curies":[{"name":"wp","href":"https:\/\/api.w.org\/{rel}","templated":true}]}}