{"id":25594,"date":"2020-09-02T15:44:49","date_gmt":"2020-09-02T15:44:49","guid":{"rendered":"http:\/\/www.oikkariliitto.fi\/?page_id=25594"},"modified":"2023-04-18T10:20:47","modified_gmt":"2023-04-18T10:20:47","slug":"meista","status":"publish","type":"page","link":"http:\/\/www.oikkariliitto.fi\/sv\/meista\/","title":{"rendered":"Om oss"},"content":{"rendered":"<div class=\"wp-block-columns is-layout-flex wp-container-core-columns-is-layout-1 wp-block-columns-is-layout-flex\">\n<div class=\"wp-block-column is-layout-flow wp-block-column-is-layout-flow\" style=\"flex-basis:66.66%\">\n<p><strong>Juris studenters f\u00f6rbund (JSF) <\/strong>\u00e4r en paraplyorganisation f\u00f6r juridikstuderande som grundades i b\u00f6rjan av 2020. JSF:s  medlemsf\u00f6reningar representerar n\u00e4sta alla finska juris studenter och verkar vid fem olika universitet p\u00e5 tv\u00e5 spr\u00e5k. JSF:s medlemsf\u00f6reningar har \u00f6ver 4 000 studerandemedlemmar.<\/p>\n\n\n\n<p>F\u00f6rbundets uppgift \u00e4r att st\u00f6dja medlemsf\u00f6reningarnas intressebevakningsarbete genom samordning och bedrivande av intressebevakning p\u00e5 nationell niv\u00e5. Dessutom ordnar f\u00f6rbundet seminarier f\u00f6r att f\u00f6ra fram studentperspektivet i interna yrkesdiskussioner inom den juridiska branschen. F\u00f6rbundet utbildar ocks\u00e5 akt\u00f6rer p\u00e5 lokal niv\u00e5 inom medlemsf\u00f6reningarna och st\u00f6djer studeranderepresentanternas arbete inom universitetsadministrationen.<\/p>\n\n\n\n<p>JSF \u00e4r administrativt oberoende och beslut fattas av studerande genom medlemsf\u00f6reningarna. F\u00f6rbundet samarbetar dock t\u00e4tt med intressegrupper, inklusive Finlands Juristf\u00f6rbund, samt genom andra f\u00f6reningar som bedriver nationell studerandeintressebevakning.<\/p>\n\n\n\n<p>Den h\u00f6gsta beslutander\u00e4tten inom f\u00f6rbundet ut\u00f6vas av den \u00e5rliga f\u00f6rbundsst\u00e4mman d\u00e4r alla medlemsf\u00f6reningar har lika r\u00e4tt att f\u00f6retr\u00e4das. Mellan f\u00f6rebundsst\u00e4mmorna ut\u00f6vas den h\u00f6gsta makten av f\u00f6rbundsstyrelsen, som f\u00e5r st\u00f6d av en r\u00e5dgivande delegation best\u00e5ende av representanter fr\u00e5n medlemsf\u00f6reningarna.<\/p>\n<\/div>\n\n\n\n<div class=\"wp-block-column is-layout-flow wp-block-column-is-layout-flow\" style=\"flex-basis:33.33%\">\n<div class=\"inherit-container-width wp-block-group is-layout-constrained wp-block-group-is-layout-constrained\"><div class=\"wp-block-group__inner-container\">\n<!-- Page-list plugin v.5.9 wordpress.org\/plugins\/page-list\/ -->\n<ul class=\"page-list subpages-page-list\">\n<li class=\"page_item page-item-25742 menu-item\"><a href=\"http:\/\/www.oikkariliitto.fi\/sv\/meista\/jasenyhdistykset\/\" class=\"menu-link\">Medlemsf\u00f6reningar<\/a><\/li>\n<li class=\"page_item page-item-25637 menu-item\"><a href=\"http:\/\/www.oikkariliitto.fi\/sv\/meista\/hallitus\/\" class=\"menu-link\">Hallitus 2026<\/a><\/li>\n<li class=\"page_item page-item-25961 menu-item\"><a href=\"http:\/\/www.oikkariliitto.fi\/sv\/meista\/liiton-saannot\/\" class=\"menu-link\">F\u00f6rbundets stadgar<\/a><\/li>\n\n<\/ul>\n<\/div><\/div>\n<\/div>\n<\/div>","protected":false},"excerpt":{"rendered":"<p>Oikeustieteen opiskelijoiden liitto (OOL) on alkuvuodesta 2020 perustettu juridiikan alan opiskelijoiden kattoj\u00e4rjest\u00f6. OOL:n j\u00e4senin\u00e4 olevat ainej\u00e4rjest\u00f6t edustavat liki kaikkia suomen oikeustieteen opiskelijoita, toimien viidess\u00e4 eri yliopistossa, kahdella kielell\u00e4. OOL:n j\u00e4senin\u00e4 olevilla ainej\u00e4rjest\u00f6ill\u00e4 on yli 4 000 opiskelijaj\u00e4sent\u00e4. Liiton teht\u00e4v\u00e4n\u00e4 on tukea ainej\u00e4rjest\u00f6jen edunvalvontaty\u00f6t\u00e4 koordinoimalla, sek\u00e4 toteuttamalla valtakunnallisen tason edunvalvontaa. Lis\u00e4ksi liitto j\u00e4rjest\u00e4\u00e4 seminaareja tuoden opiskelijan\u00e4k\u00f6kulmaa [&hellip;]<\/p>\n","protected":false},"author":1,"featured_media":0,"parent":0,"menu_order":0,"comment_status":"closed","ping_status":"closed","template":"","meta":{"_uag_custom_page_level_css":"","site-sidebar-layout":"default","site-content-layout":"default","ast-site-content-layout":"default","site-content-style":"default","site-sidebar-style":"default","ast-global-header-display":"","ast-banner-title-visibility":"","ast-main-header-display":"","ast-hfb-above-header-display":"","ast-hfb-below-header-display":"","ast-hfb-mobile-header-display":"","site-post-title":"","ast-breadcrumbs-content":"","ast-featured-img":"","footer-sml-layout":"","ast-disable-related-posts":"","theme-transparent-header-meta":"default","adv-header-id-meta":"","stick-header-meta":"","header-above-stick-meta":"","header-main-stick-meta":"","header-below-stick-meta":"","astra-migrate-meta-layouts":"default","ast-page-background-enabled":"default","ast-page-background-meta":{"desktop":{"background-color":"","background-image":"","background-repeat":"repeat","background-position":"center center","background-size":"auto","background-attachment":"scroll","background-type":"","background-media":"","overlay-type":"","overlay-color":"","overlay-opacity":"","overlay-gradient":""},"tablet":{"background-color":"","background-image":"","background-repeat":"repeat","background-position":"center center","background-size":"auto","background-attachment":"scroll","background-type":"","background-media":"","overlay-type":"","overlay-color":"","overlay-opacity":"","overlay-gradient":""},"mobile":{"background-color":"","background-image":"","background-repeat":"repeat","background-position":"center center","background-size":"auto","background-attachment":"scroll","background-type":"","background-media":"","overlay-type":"","overlay-color":"","overlay-opacity":"","overlay-gradient":""}},"ast-content-background-meta":{"desktop":{"background-color":"var(--ast-global-color-5)","background-image":"","background-repeat":"repeat","background-position":"center center","background-size":"auto","background-attachment":"scroll","background-type":"","background-media":"","overlay-type":"","overlay-color":"","overlay-opacity":"","overlay-gradient":""},"tablet":{"background-color":"var(--ast-global-color-5)","background-image":"","background-repeat":"repeat","background-position":"center center","background-size":"auto","background-attachment":"scroll","background-type":"","background-media":"","overlay-type":"","overlay-color":"","overlay-opacity":"","overlay-gradient":""},"mobile":{"background-color":"var(--ast-global-color-5)","background-image":"","background-repeat":"repeat","background-position":"center center","background-size":"auto","background-attachment":"scroll","background-type":"","background-media":"","overlay-type":"","overlay-color":"","overlay-opacity":"","overlay-gradient":""}},"footnotes":""},"class_list":["post-25594","page","type-page","status-publish","hentry"],"uagb_featured_image_src":{"full":false,"thumbnail":false,"medium":false,"medium_large":false,"large":false,"1536x1536":false,"2048x2048":false,"trp-custom-language-flag":false},"uagb_author_info":{"display_name":"admin","author_link":"http:\/\/www.oikkariliitto.fi\/sv\/author\/admin\/"},"uagb_comment_info":0,"uagb_excerpt":"Oikeustieteen opiskelijoiden liitto (OOL) on alkuvuodesta 2020 perustettu juridiikan alan opiskelijoiden kattoj\u00e4rjest\u00f6. OOL:n j\u00e4senin\u00e4 olevat ainej\u00e4rjest\u00f6t edustavat liki kaikkia suomen oikeustieteen opiskelijoita, toimien viidess\u00e4 eri yliopistossa, kahdella kielell\u00e4. OOL:n j\u00e4senin\u00e4 olevilla ainej\u00e4rjest\u00f6ill\u00e4 on yli 4 000 opiskelijaj\u00e4sent\u00e4. Liiton teht\u00e4v\u00e4n\u00e4 on tukea ainej\u00e4rjest\u00f6jen edunvalvontaty\u00f6t\u00e4 koordinoimalla, sek\u00e4 toteuttamalla valtakunnallisen tason edunvalvontaa. Lis\u00e4ksi liitto j\u00e4rjest\u00e4\u00e4 seminaareja tuoden opiskelijan\u00e4k\u00f6kulmaa&hellip;","_links":{"self":[{"href":"http:\/\/www.oikkariliitto.fi\/sv\/wp-json\/wp\/v2\/pages\/25594","targetHints":{"allow":["GET"]}}],"collection":[{"href":"http:\/\/www.oikkariliitto.fi\/sv\/wp-json\/wp\/v2\/pages"}],"about":[{"href":"http:\/\/www.oikkariliitto.fi\/sv\/wp-json\/wp\/v2\/types\/page"}],"author":[{"embeddable":true,"href":"http:\/\/www.oikkariliitto.fi\/sv\/wp-json\/wp\/v2\/users\/1"}],"replies":[{"embeddable":true,"href":"http:\/\/www.oikkariliitto.fi\/sv\/wp-json\/wp\/v2\/comments?post=25594"}],"version-history":[{"count":6,"href":"http:\/\/www.oikkariliitto.fi\/sv\/wp-json\/wp\/v2\/pages\/25594\/revisions"}],"predecessor-version":[{"id":25959,"href":"http:\/\/www.oikkariliitto.fi\/sv\/wp-json\/wp\/v2\/pages\/25594\/revisions\/25959"}],"wp:attachment":[{"href":"http:\/\/www.oikkariliitto.fi\/sv\/wp-json\/wp\/v2\/media?parent=25594"}],"curies":[{"name":"wp","href":"https:\/\/api.w.org\/{rel}","templated":true}]}}